{"id":1384,"date":"2021-01-29T01:16:05","date_gmt":"2021-01-29T01:16:05","guid":{"rendered":"http:\/\/otl.ubiobio.cl\/?page_id=1384"},"modified":"2021-03-02T15:34:58","modified_gmt":"2021-03-02T15:34:58","slug":"lbb","status":"publish","type":"page","link":"http:\/\/otl.ubiobio.cl\/index.php\/lbb\/","title":{"rendered":"LBB"},"content":{"rendered":"<div id=\"pl-1384\"  class=\"panel-layout\" ><div id=\"pg-1384-0\"  class=\"panel-grid panel-has-style\" ><div class=\"siteorigin-panels-stretch panel-row-style panel-row-style-for-1384-0\" style=\"padding-top: 30px; padding-bottom: 30px; \" data-stretch-type=\"full-stretched\" ><div id=\"pgc-1384-0-0\"  class=\"panel-grid-cell panel-grid-cell-empty\" ><\/div><div id=\"pgc-1384-0-1\"  class=\"panel-grid-cell\" ><div class=\"panel-cell-style panel-cell-style-for-1384-0-1\" ><div id=\"panel-1384-0-1-0\" class=\"so-panel widget widget_sow-image panel-first-child panel-last-child\" data-index=\"0\" ><div\n\t\t\t\n\t\t\tclass=\"so-widget-sow-image so-widget-sow-image-default-dbf295114b96-1384\"\n\t\t\t\n\t\t>\n\n<div class=\"sow-image-container\">\n\t\t<img loading=\"lazy\" decoding=\"async\" src=\"http:\/\/otl.ubiobio.cl\/wp-content\/uploads\/2021\/03\/LBB.jpg\" width=\"1553\" height=\"1643\" srcset=\"http:\/\/otl.ubiobio.cl\/wp-content\/uploads\/2021\/03\/LBB.jpg 1553w, http:\/\/otl.ubiobio.cl\/wp-content\/uploads\/2021\/03\/LBB-284x300.jpg 284w, http:\/\/otl.ubiobio.cl\/wp-content\/uploads\/2021\/03\/LBB-768x813.jpg 768w, http:\/\/otl.ubiobio.cl\/wp-content\/uploads\/2021\/03\/LBB-968x1024.jpg 968w, http:\/\/otl.ubiobio.cl\/wp-content\/uploads\/2021\/03\/LBB-710x751.jpg 710w\" sizes=\"(max-width: 1553px) 100vw, 1553px\" alt=\"\" \t\tclass=\"so-widget-image\"\/>\n\t<\/div>\n\n<\/div><\/div><\/div><\/div><div id=\"pgc-1384-0-2\"  class=\"panel-grid-cell panel-grid-cell-mobile-last\" ><div class=\"panel-cell-style panel-cell-style-for-1384-0-2\" ><div id=\"panel-1384-0-2-0\" class=\"so-panel widget widget_sow-image panel-first-child\" data-index=\"1\" ><div\n\t\t\t\n\t\t\tclass=\"so-widget-sow-image so-widget-sow-image-default-dbf295114b96-1384\"\n\t\t\t\n\t\t>\n\n<div class=\"sow-image-container\">\n\t\t<img loading=\"lazy\" decoding=\"async\" src=\"http:\/\/otl.ubiobio.cl\/wp-content\/uploads\/2021\/01\/iconos-jaime-letras-05-vf.jpg\" width=\"1425\" height=\"138\" srcset=\"http:\/\/otl.ubiobio.cl\/wp-content\/uploads\/2021\/01\/iconos-jaime-letras-05-vf.jpg 1425w, http:\/\/otl.ubiobio.cl\/wp-content\/uploads\/2021\/01\/iconos-jaime-letras-05-vf-300x29.jpg 300w, http:\/\/otl.ubiobio.cl\/wp-content\/uploads\/2021\/01\/iconos-jaime-letras-05-vf-768x74.jpg 768w, http:\/\/otl.ubiobio.cl\/wp-content\/uploads\/2021\/01\/iconos-jaime-letras-05-vf-1024x99.jpg 1024w, http:\/\/otl.ubiobio.cl\/wp-content\/uploads\/2021\/01\/iconos-jaime-letras-05-vf-710x69.jpg 710w\" sizes=\"(max-width: 1425px) 100vw, 1425px\" title=\"iconos jaime-letras-05-vf\" alt=\"\" \t\tclass=\"so-widget-image\"\/>\n\t<\/div>\n\n<\/div><\/div><div id=\"panel-1384-0-2-1\" class=\"so-panel widget widget_sow-headline\" data-index=\"2\" ><div\n\t\t\t\n\t\t\tclass=\"so-widget-sow-headline so-widget-sow-headline-default-c0453925ed87-1384\"\n\t\t\t\n\t\t><div class=\"sow-headline-container \">\n\t\t\t\t\t\t\t<h1 class=\"sow-headline\">\n\t\t\t\t\t\tLaboratorio de \t\t\t\t\t\t<\/h1>\n\t\t\t\t\t\t\t\t\t\t\t\t<h1 class=\"sow-sub-headline\">\n\t\t\t\t\t\tBioprocesos y Biotratamientos\t\t\t\t\t\t<\/h1>\n\t\t\t\t\t\t<\/div>\n<\/div><\/div><div id=\"panel-1384-0-2-2\" class=\"so-panel widget widget_sow-headline\" data-index=\"3\" ><div\n\t\t\t\n\t\t\tclass=\"so-widget-sow-headline so-widget-sow-headline-default-349af4567b21-1384\"\n\t\t\t\n\t\t><div class=\"sow-headline-container \">\n\t\t\t\t\t\t\t<h1 class=\"sow-headline\">\n\t\t\t\t\t\tLBB\t\t\t\t\t\t<\/h1>\n\t\t\t\t\t\t<\/div>\n<\/div><\/div><div id=\"panel-1384-0-2-3\" class=\"so-panel widget widget_sow-image\" data-index=\"4\" ><div class=\"panel-widget-style panel-widget-style-for-1384-0-2-3\" ><div\n\t\t\t\n\t\t\tclass=\"so-widget-sow-image so-widget-sow-image-default-dbf295114b96-1384\"\n\t\t\t\n\t\t>\n\n<div class=\"sow-image-container\">\n\t\t<img loading=\"lazy\" decoding=\"async\" src=\"http:\/\/otl.ubiobio.cl\/wp-content\/uploads\/2021\/03\/LBB.jpg\" width=\"1553\" height=\"1643\" srcset=\"http:\/\/otl.ubiobio.cl\/wp-content\/uploads\/2021\/03\/LBB.jpg 1553w, http:\/\/otl.ubiobio.cl\/wp-content\/uploads\/2021\/03\/LBB-284x300.jpg 284w, http:\/\/otl.ubiobio.cl\/wp-content\/uploads\/2021\/03\/LBB-768x813.jpg 768w, http:\/\/otl.ubiobio.cl\/wp-content\/uploads\/2021\/03\/LBB-968x1024.jpg 968w, http:\/\/otl.ubiobio.cl\/wp-content\/uploads\/2021\/03\/LBB-710x751.jpg 710w\" sizes=\"(max-width: 1553px) 100vw, 1553px\" alt=\"\" \t\tclass=\"so-widget-image\"\/>\n\t<\/div>\n\n<\/div><\/div><\/div><div id=\"panel-1384-0-2-4\" class=\"so-panel widget widget_siteorigin-panels-builder panel-last-child\" data-index=\"5\" ><div id=\"pl-w6014972b9e32c\"  class=\"panel-layout\" ><div id=\"pg-w6014972b9e32c-0\"  class=\"panel-grid panel-has-style\" ><div style=\"padding-top: 30px; padding-bottom: 30px; \" class=\"panel-row-style panel-row-style-for-w6014972b9e32c-0\" ><div id=\"pgc-w6014972b9e32c-0-0\"  class=\"panel-grid-cell\" ><div id=\"panel-w6014972b9e32c-0-0-0\" class=\"so-panel widget widget_siteorigin-panels-builder panel-first-child panel-last-child\" data-index=\"0\" ><div id=\"pl-w6014972b9e3b3\"  class=\"panel-layout\" ><div id=\"pg-w6014972b9e3b3-0\"  class=\"panel-grid panel-has-style\" ><div style=\"padding-top: 0px; padding-bottom: 0px; \" class=\"panel-row-style panel-row-style-for-w6014972b9e3b3-0\" ><div id=\"pgc-w6014972b9e3b3-0-0\"  class=\"panel-grid-cell\" ><div class=\"panel-cell-style panel-cell-style-for-w6014972b9e3b3-0-0\" ><div id=\"panel-w6014972b9e3b3-0-0-0\" class=\"widget_text so-panel widget widget_custom_html panel-first-child\" data-index=\"0\" ><div class=\"textwidget custom-html-widget\"><script>\n\n\tjQuery(function($) {\n\t    function ActualizarTextoLogo(texto){\n\t\t\t $(\"#textoLogos\").html(texto);\n\t\t}\n\t\t$(\"#logo1 img\").hover(function(){\n\t\t\tActualizarTextoLogo($(this).attr(\"alt\"));\n\t\t\treturn false;\n\t\t});\n\n\t\t$(\"#logo2 img\").hover(function(){\n\t\t\tActualizarTextoLogo($(this).attr(\"alt\"));\n\t\t});\n\n\t\t$(\"#logo3 img\").hover(function(){\n\t\t\tActualizarTextoLogo($(this).attr(\"alt\"));\n\t\t});\n\n\t\t$(\"#logo4 img\").hover(function(){\n\t\t\tActualizarTextoLogo($(this).attr(\"alt\"));\n\t\t});\n\n\t\tActualizarTextoLogo($(\"#logo1 img\").attr(\"alt\"));\t\t\t\n\t});\n\n<\/script>\n<style>\n\timg[title]{\n\t\tdisplay:none;\n\t}\n<\/style><\/div><\/div><div id=\"panel-w6014972b9e3b3-0-0-1\" class=\"so-panel widget widget_text panel-last-child\" data-index=\"1\" ><div class=\"panel-widget-style panel-widget-style-for-w6014972b9e3b3-0-0-1\" >\t\t\t<div class=\"textwidget\"><p>Tipo: Laboratorio<br \/>\nDependencia: Departamento de Ingenier\u00eda en Maderas &#8211; DIMAD<br \/>\nTel\u00e9fono: (41) 311 1668<\/p>\n<\/div>\n\t\t<\/div><\/div><\/div><\/div><\/div><\/div><div id=\"pg-w6014972b9e3b3-1\"  class=\"panel-grid panel-has-style\" ><div style=\"padding-top: 0px; padding-bottom: 0px; \" class=\"panel-row-style panel-row-style-for-w6014972b9e3b3-1\" ><div id=\"pgc-w6014972b9e3b3-1-0\"  class=\"panel-grid-cell\" ><div class=\"panel-cell-style panel-cell-style-for-w6014972b9e3b3-1-0\" ><div id=\"panel-w6014972b9e3b3-1-0-0\" class=\"so-panel widget widget_siteorigin-panels-builder panel-first-child panel-last-child\" data-index=\"2\" ><div class=\"panel-widget-style panel-widget-style-for-w6014972b9e3b3-1-0-0\" ><div id=\"pl-w6014972b9e458\"  class=\"panel-layout\" ><div id=\"pg-w6014972b9e458-0\"  class=\"panel-grid panel-has-style\" ><div style=\"padding-top: 10px; padding-bottom: 10px; \" class=\"panel-row-style panel-row-style-for-w6014972b9e458-0\" ><div id=\"pgc-w6014972b9e458-0-0\"  class=\"panel-grid-cell panel-grid-cell-empty\" ><\/div><div id=\"pgc-w6014972b9e458-0-1\"  class=\"panel-grid-cell\" ><div id=\"panel-w6014972b9e458-0-1-0\" class=\"so-panel widget widget_sow-image panel-first-child panel-last-child\" data-index=\"0\" ><div id=\"logo1\" class=\"panel-widget-style panel-widget-style-for-w6014972b9e458-0-1-0\" ><div\n\t\t\t\n\t\t\tclass=\"so-widget-sow-image so-widget-sow-image-default-dbf295114b96\"\n\t\t\t\n\t\t>\n\n<div class=\"sow-image-container\">\n\t\t<img loading=\"lazy\" decoding=\"async\" src=\"http:\/\/otl.ubiobio.cl\/wp-content\/uploads\/2021\/01\/O_01.png\" width=\"100\" height=\"100\" sizes=\"(max-width: 100px) 100vw, 100px\" alt=\"Web:\u00a0&lt;a style=&#039;color: white&#039; href=&#039;http:\/\/www.dimad.ubiobio.cl&#039;&gt;http:\/\/www.dimad.ubiobio.cl&lt;\/a&gt;\" \t\tclass=\"so-widget-image\"\/>\n\t<\/div>\n\n<\/div><\/div><\/div><\/div><div id=\"pgc-w6014972b9e458-0-2\"  class=\"panel-grid-cell\" ><div id=\"panel-w6014972b9e458-0-2-0\" class=\"so-panel widget widget_sow-image panel-first-child panel-last-child\" data-index=\"1\" ><div id=\"logo2\" class=\"panel-widget-style panel-widget-style-for-w6014972b9e458-0-2-0\" ><div\n\t\t\t\n\t\t\tclass=\"so-widget-sow-image so-widget-sow-image-default-dbf295114b96\"\n\t\t\t\n\t\t>\n\n<div class=\"sow-image-container\">\n\t\t<img loading=\"lazy\" decoding=\"async\" src=\"http:\/\/otl.ubiobio.cl\/wp-content\/uploads\/2021\/01\/O-02.png\" width=\"100\" height=\"100\" sizes=\"(max-width: 100px) 100vw, 100px\" alt=\"Responsable: Jos\u00e9 Navarrete Araya\" \t\tclass=\"so-widget-image\"\/>\n\t<\/div>\n\n<\/div><\/div><\/div><\/div><div id=\"pgc-w6014972b9e458-0-3\"  class=\"panel-grid-cell\" ><div id=\"panel-w6014972b9e458-0-3-0\" class=\"so-panel widget widget_sow-image panel-first-child panel-last-child\" data-index=\"2\" ><div id=\"logo3\" class=\"panel-widget-style panel-widget-style-for-w6014972b9e458-0-3-0\" ><div\n\t\t\t\n\t\t\tclass=\"so-widget-sow-image so-widget-sow-image-default-dbf295114b96\"\n\t\t\t\n\t\t>\n\n<div class=\"sow-image-container\">\n\t\t<img loading=\"lazy\" decoding=\"async\" src=\"http:\/\/otl.ubiobio.cl\/wp-content\/uploads\/2021\/01\/O-03.png\" width=\"100\" height=\"100\" sizes=\"(max-width: 100px) 100vw, 100px\" alt=\"&lt;a href=&#039;mailto:jnavarre@ubiobio.cl&#039; style=&#039;color: white&#039;&gt;jnavarre@ubiobio.cl&lt;\/a&gt;\" \t\tclass=\"so-widget-image\"\/>\n\t<\/div>\n\n<\/div><\/div><\/div><\/div><div id=\"pgc-w6014972b9e458-0-4\"  class=\"panel-grid-cell panel-grid-cell-mobile-last\" ><div id=\"panel-w6014972b9e458-0-4-0\" class=\"so-panel widget widget_sow-image panel-first-child panel-last-child\" data-index=\"3\" ><div id=\"logo4\" class=\"panel-widget-style panel-widget-style-for-w6014972b9e458-0-4-0\" ><div\n\t\t\t\n\t\t\tclass=\"so-widget-sow-image so-widget-sow-image-default-dbf295114b96\"\n\t\t\t\n\t\t>\n\n<div class=\"sow-image-container\">\n\t\t<img loading=\"lazy\" decoding=\"async\" src=\"http:\/\/otl.ubiobio.cl\/wp-content\/uploads\/2021\/01\/O-04.png\" width=\"100\" height=\"100\" sizes=\"(max-width: 100px) 100vw, 100px\" alt=\"Sede Biob\u00edo\" \t\tclass=\"so-widget-image\"\/>\n\t<\/div>\n\n<\/div><\/div><\/div><\/div><div id=\"pgc-w6014972b9e458-0-5\"  class=\"panel-grid-cell panel-grid-cell-empty\" ><\/div><\/div><\/div><\/div><\/div><\/div><\/div><\/div><\/div><\/div><div id=\"pg-w6014972b9e3b3-2\"  class=\"panel-grid panel-has-style\" ><div style=\"padding-top: 10px; padding-bottom: 10px; \" class=\"panel-row-style panel-row-style-for-w6014972b9e3b3-2\" ><div id=\"pgc-w6014972b9e3b3-2-0\"  class=\"panel-grid-cell\" ><div id=\"panel-w6014972b9e3b3-2-0-0\" class=\"so-panel widget widget_text panel-first-child panel-last-child\" data-index=\"3\" ><div id=\"textoLogos\" class=\"panel-widget-style panel-widget-style-for-w6014972b9e3b3-2-0-0\" >\t\t\t<div class=\"textwidget\"><\/div>\n\t\t<\/div><\/div><\/div><\/div><\/div><\/div><\/div><\/div><div id=\"pgc-w6014972b9e32c-0-1\"  class=\"panel-grid-cell\" ><div class=\"panel-cell-style panel-cell-style-for-w6014972b9e32c-0-1\" ><div id=\"panel-w6014972b9e32c-0-1-0\" class=\"so-panel widget widget_sow-headline panel-first-child panel-last-child\" data-index=\"1\" ><div class=\"panel-widget-style panel-widget-style-for-w6014972b9e32c-0-1-0\" ><div\n\t\t\t\n\t\t\tclass=\"so-widget-sow-headline so-widget-sow-headline-default-10803147d1cb\"\n\t\t\t\n\t\t><div class=\"sow-headline-container \">\n\t\t\t\t\t\t\t<h3 class=\"sow-headline\">\n\t\t\t\t\t\tDescripci\u00f3n\t\t\t\t\t\t<\/h3>\n\t\t\t\t\t\t\t\t\t\t\t\t<p class=\"sow-sub-headline\">\n\t\t\t\t\t\tEl Laboratorio de Bioprocesos y Biotratamientos (LBB) de la Universidad del B\u00edo-B\u00edo, inicialmente creado en el a\u00f1o 2000 como Laboratorio de Biodeterioro, es una unidad que tiene como misi\u00f3n la investigaci\u00f3n, el desarrollo y la innovaci\u00f3n en bioprocesos y biotratamientos para promover una actividad industrial m\u00e1s eficiente y amistosa con el medio ambiente. Tambi\u00e9n es parte de sus funciones apoyar la formaci\u00f3n de capital humano avanzado dentro de la Universidad. El LBB ha sido reconocido por el Servicio Agr\u00edcola y Ganadero (SAG), desde mayo de 2007, como Estaci\u00f3n Experimental id\u00f3nea para el ensayo de plaguicidas.  El LBB depende del DIMAD, centro certificado por CORFO, por lo que, las empresas que solicitan servicios de I+D al LBB, pueden acceder a los beneficios tributarios de la Ley Incentivo para gasto en I+D.\t\t\t\t\t\t<\/p>\n\t\t\t\t\t\t<\/div>\n<\/div><\/div><\/div><\/div><\/div><\/div><\/div><\/div><\/div><\/div><\/div><div id=\"pgc-1384-0-3\"  class=\"panel-grid-cell panel-grid-cell-empty\" ><\/div><\/div><\/div><\/div>","protected":false},"excerpt":{"rendered":"<p>Laboratorio de Bioprocesos y Biotratamientos LBB Tipo: Laboratorio Dependencia: Departamento de Ingenier\u00eda en Maderas &#8211; DIMAD Tel\u00e9fono: (41) 311 1668 Descripci\u00f3n El Laboratorio de Bioprocesos y Biotratamientos (LBB) de la&nbsp;[ &hellip; ]<\/p>\n","protected":false},"author":1,"featured_media":0,"parent":0,"menu_order":0,"comment_status":"closed","ping_status":"closed","template":"page-templates\/template_page-builder.php","meta":{"footnotes":""},"_links":{"self":[{"href":"http:\/\/otl.ubiobio.cl\/index.php\/wp-json\/wp\/v2\/pages\/1384"}],"collection":[{"href":"http:\/\/otl.ubiobio.cl\/index.php\/wp-json\/wp\/v2\/pages"}],"about":[{"href":"http:\/\/otl.ubiobio.cl\/index.php\/wp-json\/wp\/v2\/types\/page"}],"author":[{"embeddable":true,"href":"http:\/\/otl.ubiobio.cl\/index.php\/wp-json\/wp\/v2\/users\/1"}],"replies":[{"embeddable":true,"href":"http:\/\/otl.ubiobio.cl\/index.php\/wp-json\/wp\/v2\/comments?post=1384"}],"version-history":[{"count":10,"href":"http:\/\/otl.ubiobio.cl\/index.php\/wp-json\/wp\/v2\/pages\/1384\/revisions"}],"predecessor-version":[{"id":1541,"href":"http:\/\/otl.ubiobio.cl\/index.php\/wp-json\/wp\/v2\/pages\/1384\/revisions\/1541"}],"wp:attachment":[{"href":"http:\/\/otl.ubiobio.cl\/index.php\/wp-json\/wp\/v2\/media?parent=1384"}],"curies":[{"name":"wp","href":"https:\/\/api.w.org\/{rel}","templated":true}]}}