{"id":1443,"date":"2021-01-29T19:03:39","date_gmt":"2021-01-29T19:03:39","guid":{"rendered":"http:\/\/otl.ubiobio.cl\/?page_id=1443"},"modified":"2021-03-09T15:25:13","modified_gmt":"2021-03-09T15:25:13","slug":"cen","status":"publish","type":"page","link":"http:\/\/otl.ubiobio.cl\/index.php\/cen\/","title":{"rendered":"CE\u00d1"},"content":{"rendered":"<div id=\"pl-1443\"  class=\"panel-layout\" ><div id=\"pg-1443-0\"  class=\"panel-grid panel-has-style\" ><div class=\"siteorigin-panels-stretch panel-row-style panel-row-style-for-1443-0\" style=\"padding-top: 30px; padding-bottom: 30px; \" data-stretch-type=\"full-stretched\" ><div id=\"pgc-1443-0-0\"  class=\"panel-grid-cell panel-grid-cell-empty\" ><\/div><div id=\"pgc-1443-0-1\"  class=\"panel-grid-cell\" ><div class=\"panel-cell-style panel-cell-style-for-1443-0-1\" ><div id=\"panel-1443-0-1-0\" class=\"so-panel widget widget_sow-image panel-first-child panel-last-child\" data-index=\"0\" ><div class=\"panel-widget-style panel-widget-style-for-1443-0-1-0\" ><div\n\t\t\t\n\t\t\tclass=\"so-widget-sow-image so-widget-sow-image-default-dbf295114b96-1443\"\n\t\t\t\n\t\t>\n\n<div class=\"sow-image-container\">\n\t\t<img loading=\"lazy\" decoding=\"async\" src=\"http:\/\/otl.ubiobio.cl\/wp-content\/uploads\/2021\/03\/centro-estudios-\u00f1uble.jpg\" width=\"1553\" height=\"1643\" srcset=\"http:\/\/otl.ubiobio.cl\/wp-content\/uploads\/2021\/03\/centro-estudios-\u00f1uble.jpg 1553w, http:\/\/otl.ubiobio.cl\/wp-content\/uploads\/2021\/03\/centro-estudios-\u00f1uble-284x300.jpg 284w, http:\/\/otl.ubiobio.cl\/wp-content\/uploads\/2021\/03\/centro-estudios-\u00f1uble-768x813.jpg 768w, http:\/\/otl.ubiobio.cl\/wp-content\/uploads\/2021\/03\/centro-estudios-\u00f1uble-968x1024.jpg 968w, http:\/\/otl.ubiobio.cl\/wp-content\/uploads\/2021\/03\/centro-estudios-\u00f1uble-710x751.jpg 710w\" sizes=\"(max-width: 1553px) 100vw, 1553px\" title=\"centro estudios \u00f1uble\" alt=\"\" \t\tclass=\"so-widget-image\"\/>\n\t<\/div>\n\n<\/div><\/div><\/div><\/div><\/div><div id=\"pgc-1443-0-2\"  class=\"panel-grid-cell panel-grid-cell-mobile-last\" ><div class=\"panel-cell-style panel-cell-style-for-1443-0-2\" ><div id=\"panel-1443-0-2-0\" class=\"so-panel widget widget_sow-image panel-first-child\" data-index=\"1\" ><div\n\t\t\t\n\t\t\tclass=\"so-widget-sow-image so-widget-sow-image-default-dbf295114b96-1443\"\n\t\t\t\n\t\t>\n\n<div class=\"sow-image-container\">\n\t\t<img loading=\"lazy\" decoding=\"async\" src=\"http:\/\/otl.ubiobio.cl\/wp-content\/uploads\/2021\/01\/iconos-jaime-verde-05.jpg\" width=\"1425\" height=\"138\" srcset=\"http:\/\/otl.ubiobio.cl\/wp-content\/uploads\/2021\/01\/iconos-jaime-verde-05.jpg 1425w, http:\/\/otl.ubiobio.cl\/wp-content\/uploads\/2021\/01\/iconos-jaime-verde-05-300x29.jpg 300w, http:\/\/otl.ubiobio.cl\/wp-content\/uploads\/2021\/01\/iconos-jaime-verde-05-768x74.jpg 768w, http:\/\/otl.ubiobio.cl\/wp-content\/uploads\/2021\/01\/iconos-jaime-verde-05-1024x99.jpg 1024w, http:\/\/otl.ubiobio.cl\/wp-content\/uploads\/2021\/01\/iconos-jaime-verde-05-710x69.jpg 710w\" sizes=\"(max-width: 1425px) 100vw, 1425px\" alt=\"\" \t\tclass=\"so-widget-image\"\/>\n\t<\/div>\n\n<\/div><\/div><div id=\"panel-1443-0-2-1\" class=\"so-panel widget widget_sow-headline\" data-index=\"2\" ><div\n\t\t\t\n\t\t\tclass=\"so-widget-sow-headline so-widget-sow-headline-default-14a41d406b4f-1443\"\n\t\t\t\n\t\t><div class=\"sow-headline-container \">\n\t\t\t\t\t\t\t<h1 class=\"sow-headline\">\n\t\t\t\t\t\tCentro de \t\t\t\t\t\t<\/h1>\n\t\t\t\t\t\t\t\t\t\t\t\t<h1 class=\"sow-sub-headline\">\n\t\t\t\t\t\tEstudios de \u00d1uble\t\t\t\t\t\t<\/h1>\n\t\t\t\t\t\t<\/div>\n<\/div><\/div><div id=\"panel-1443-0-2-2\" class=\"so-panel widget widget_sow-headline\" data-index=\"3\" ><div\n\t\t\t\n\t\t\tclass=\"so-widget-sow-headline so-widget-sow-headline-default-580f0abfb95c-1443\"\n\t\t\t\n\t\t><div class=\"sow-headline-container \">\n\t\t\t\t\t\t\t<h1 class=\"sow-headline\">\n\t\t\t\t\t\tCE\u00d1\t\t\t\t\t\t<\/h1>\n\t\t\t\t\t\t<\/div>\n<\/div><\/div><div id=\"panel-1443-0-2-3\" class=\"so-panel widget widget_sow-image\" data-index=\"4\" ><div class=\"panel-widget-style panel-widget-style-for-1443-0-2-3\" ><div\n\t\t\t\n\t\t\tclass=\"so-widget-sow-image so-widget-sow-image-default-dbf295114b96-1443\"\n\t\t\t\n\t\t>\n\n<div class=\"sow-image-container\">\n\t\t<img loading=\"lazy\" decoding=\"async\" src=\"http:\/\/otl.ubiobio.cl\/wp-content\/uploads\/2021\/03\/centro-estudios-\u00f1uble.jpg\" width=\"1553\" height=\"1643\" srcset=\"http:\/\/otl.ubiobio.cl\/wp-content\/uploads\/2021\/03\/centro-estudios-\u00f1uble.jpg 1553w, http:\/\/otl.ubiobio.cl\/wp-content\/uploads\/2021\/03\/centro-estudios-\u00f1uble-284x300.jpg 284w, http:\/\/otl.ubiobio.cl\/wp-content\/uploads\/2021\/03\/centro-estudios-\u00f1uble-768x813.jpg 768w, http:\/\/otl.ubiobio.cl\/wp-content\/uploads\/2021\/03\/centro-estudios-\u00f1uble-968x1024.jpg 968w, http:\/\/otl.ubiobio.cl\/wp-content\/uploads\/2021\/03\/centro-estudios-\u00f1uble-710x751.jpg 710w\" sizes=\"(max-width: 1553px) 100vw, 1553px\" title=\"centro estudios \u00f1uble\" alt=\"\" \t\tclass=\"so-widget-image\"\/>\n\t<\/div>\n\n<\/div><\/div><\/div><div id=\"panel-1443-0-2-4\" class=\"so-panel widget widget_siteorigin-panels-builder panel-last-child\" data-index=\"5\" ><div id=\"pl-w6014948f4d86c\"  class=\"panel-layout\" ><div id=\"pg-w6014948f4d86c-0\"  class=\"panel-grid panel-has-style\" ><div style=\"padding-top: 30px; padding-bottom: 30px; \" class=\"panel-row-style panel-row-style-for-w6014948f4d86c-0\" ><div id=\"pgc-w6014948f4d86c-0-0\"  class=\"panel-grid-cell\" ><div id=\"panel-w6014948f4d86c-0-0-0\" class=\"so-panel widget widget_siteorigin-panels-builder panel-first-child panel-last-child\" data-index=\"0\" ><div id=\"pl-w60145c0c33839\"  class=\"panel-layout\" ><div id=\"pg-w60145c0c33839-0\"  class=\"panel-grid panel-has-style\" ><div style=\"padding-top: 0px; padding-bottom: 0px; \" class=\"panel-row-style panel-row-style-for-w60145c0c33839-0\" ><div id=\"pgc-w60145c0c33839-0-0\"  class=\"panel-grid-cell\" ><div class=\"panel-cell-style panel-cell-style-for-w60145c0c33839-0-0\" ><div id=\"panel-w60145c0c33839-0-0-0\" class=\"widget_text so-panel widget widget_custom_html panel-first-child\" data-index=\"0\" ><div class=\"textwidget custom-html-widget\"><script>\n\n\tjQuery(function($) {\n\t    function ActualizarTextoLogo(texto){\n\t\t\t $(\"#textoLogos\").html(texto);\n\t\t}\n\t\t$(\"#logo1 img\").hover(function(){\n\t\t\tActualizarTextoLogo($(this).attr(\"alt\"));\n\t\t\treturn false;\n\t\t});\n\n\t\t$(\"#logo2 img\").hover(function(){\n\t\t\tActualizarTextoLogo($(this).attr(\"alt\"));\n\t\t});\n\n\t\t$(\"#logo3 img\").hover(function(){\n\t\t\tActualizarTextoLogo($(this).attr(\"alt\"));\n\t\t});\n\n\t\t$(\"#logo4 img\").hover(function(){\n\t\t\tActualizarTextoLogo($(this).attr(\"alt\"));\n\t\t});\n\n\t\tActualizarTextoLogo($(\"#logo1 img\").attr(\"alt\"));\t\t\t\n\t});\n\n<\/script>\n<style>\n\timg[title]{\n\t\tdisplay:none;\n\t}\n<\/style><\/div><\/div><div id=\"panel-w60145c0c33839-0-0-1\" class=\"so-panel widget widget_text panel-last-child\" data-index=\"1\" ><div class=\"panel-widget-style panel-widget-style-for-w60145c0c33839-0-0-1\" >\t\t\t<div class=\"textwidget\"><p>Tipo: Centro<br \/>\nTel\u00e9fono: (42) 2463638<\/p>\n<\/div>\n\t\t<\/div><\/div><\/div><\/div><\/div><\/div><div id=\"pg-w60145c0c33839-1\"  class=\"panel-grid panel-has-style\" ><div style=\"padding-top: 0px; padding-bottom: 0px; \" class=\"panel-row-style panel-row-style-for-w60145c0c33839-1\" ><div id=\"pgc-w60145c0c33839-1-0\"  class=\"panel-grid-cell\" ><div class=\"panel-cell-style panel-cell-style-for-w60145c0c33839-1-0\" ><div id=\"panel-w60145c0c33839-1-0-0\" class=\"so-panel widget widget_siteorigin-panels-builder panel-first-child panel-last-child\" data-index=\"2\" ><div class=\"panel-widget-style panel-widget-style-for-w60145c0c33839-1-0-0\" ><div id=\"pl-w60145c0c3397e\"  class=\"panel-layout\" ><div id=\"pg-w60145c0c3397e-0\"  class=\"panel-grid panel-has-style\" ><div style=\"padding-top: 10px; padding-bottom: 10px; \" class=\"panel-row-style panel-row-style-for-w60145c0c3397e-0\" ><div id=\"pgc-w60145c0c3397e-0-0\"  class=\"panel-grid-cell panel-grid-cell-empty\" ><\/div><div id=\"pgc-w60145c0c3397e-0-1\"  class=\"panel-grid-cell\" ><div id=\"panel-w60145c0c3397e-0-1-0\" class=\"so-panel widget widget_sow-image panel-first-child panel-last-child\" data-index=\"0\" ><div id=\"logo1\" class=\"panel-widget-style panel-widget-style-for-w60145c0c3397e-0-1-0\" ><div\n\t\t\t\n\t\t\tclass=\"so-widget-sow-image so-widget-sow-image-default-8b5b6f678277\"\n\t\t\t\n\t\t>\n\n<div class=\"sow-image-container\">\n\t\t<img loading=\"lazy\" decoding=\"async\" src=\"http:\/\/otl.ubiobio.cl\/wp-content\/uploads\/2021\/01\/ic-verde_Mesa-de-trabajo-1.png\" width=\"209\" height=\"209\" srcset=\"http:\/\/otl.ubiobio.cl\/wp-content\/uploads\/2021\/01\/ic-verde_Mesa-de-trabajo-1.png 209w, http:\/\/otl.ubiobio.cl\/wp-content\/uploads\/2021\/01\/ic-verde_Mesa-de-trabajo-1-150x150.png 150w\" sizes=\"(max-width: 209px) 100vw, 209px\" title=\"ic-verde_Mesa de trabajo 1\" alt=\"Web:\u00a0&lt;a style=&#039;color: white&#039; href=&#039;http:\/\/www.desarrollolocalubb.cl&#039;&gt;http:\/\/www.desarrollolocalubb.cl&lt;\/a&gt;\" \t\tclass=\"so-widget-image\"\/>\n\t<\/div>\n\n<\/div><\/div><\/div><\/div><div id=\"pgc-w60145c0c3397e-0-2\"  class=\"panel-grid-cell\" ><div id=\"panel-w60145c0c3397e-0-2-0\" class=\"so-panel widget widget_sow-image panel-first-child panel-last-child\" data-index=\"1\" ><div id=\"logo2\" class=\"panel-widget-style panel-widget-style-for-w60145c0c3397e-0-2-0\" ><div\n\t\t\t\n\t\t\tclass=\"so-widget-sow-image so-widget-sow-image-default-8b5b6f678277\"\n\t\t\t\n\t\t>\n\n<div class=\"sow-image-container\">\n\t\t<img loading=\"lazy\" decoding=\"async\" src=\"http:\/\/otl.ubiobio.cl\/wp-content\/uploads\/2021\/01\/ic-verde-02.png\" width=\"209\" height=\"209\" srcset=\"http:\/\/otl.ubiobio.cl\/wp-content\/uploads\/2021\/01\/ic-verde-02.png 209w, http:\/\/otl.ubiobio.cl\/wp-content\/uploads\/2021\/01\/ic-verde-02-150x150.png 150w\" sizes=\"(max-width: 209px) 100vw, 209px\" alt=\"Responsable: Julia Fawaz Yissi\" \t\tclass=\"so-widget-image\"\/>\n\t<\/div>\n\n<\/div><\/div><\/div><\/div><div id=\"pgc-w60145c0c3397e-0-3\"  class=\"panel-grid-cell\" ><div id=\"panel-w60145c0c3397e-0-3-0\" class=\"so-panel widget widget_sow-image panel-first-child panel-last-child\" data-index=\"2\" ><div id=\"logo3\" class=\"panel-widget-style panel-widget-style-for-w60145c0c3397e-0-3-0\" ><div\n\t\t\t\n\t\t\tclass=\"so-widget-sow-image so-widget-sow-image-default-8b5b6f678277\"\n\t\t\t\n\t\t>\n\n<div class=\"sow-image-container\">\n\t\t<img loading=\"lazy\" decoding=\"async\" src=\"http:\/\/otl.ubiobio.cl\/wp-content\/uploads\/2021\/01\/ic-verde-03.png\" width=\"209\" height=\"209\" srcset=\"http:\/\/otl.ubiobio.cl\/wp-content\/uploads\/2021\/01\/ic-verde-03.png 209w, http:\/\/otl.ubiobio.cl\/wp-content\/uploads\/2021\/01\/ic-verde-03-150x150.png 150w\" sizes=\"(max-width: 209px) 100vw, 209px\" alt=\"&lt;a href=&#039;mailto:mfawaz@ubiobio.cl&#039; style=&#039;color: white&#039;&gt;mfawaz@ubiobio.cl&lt;\/a&gt;\" \t\tclass=\"so-widget-image\"\/>\n\t<\/div>\n\n<\/div><\/div><\/div><\/div><div id=\"pgc-w60145c0c3397e-0-4\"  class=\"panel-grid-cell panel-grid-cell-mobile-last\" ><div id=\"panel-w60145c0c3397e-0-4-0\" class=\"so-panel widget widget_sow-image panel-first-child panel-last-child\" data-index=\"3\" ><div id=\"logo4\" class=\"panel-widget-style panel-widget-style-for-w60145c0c3397e-0-4-0\" ><div\n\t\t\t\n\t\t\tclass=\"so-widget-sow-image so-widget-sow-image-default-8b5b6f678277\"\n\t\t\t\n\t\t>\n\n<div class=\"sow-image-container\">\n\t\t<img loading=\"lazy\" decoding=\"async\" src=\"http:\/\/otl.ubiobio.cl\/wp-content\/uploads\/2021\/01\/ic-verde-04.png\" width=\"209\" height=\"209\" srcset=\"http:\/\/otl.ubiobio.cl\/wp-content\/uploads\/2021\/01\/ic-verde-04.png 209w, http:\/\/otl.ubiobio.cl\/wp-content\/uploads\/2021\/01\/ic-verde-04-150x150.png 150w\" sizes=\"(max-width: 209px) 100vw, 209px\" alt=\"Sede Chill\u00e1n\" \t\tclass=\"so-widget-image\"\/>\n\t<\/div>\n\n<\/div><\/div><\/div><\/div><div id=\"pgc-w60145c0c3397e-0-5\"  class=\"panel-grid-cell panel-grid-cell-empty\" ><\/div><\/div><\/div><\/div><\/div><\/div><\/div><\/div><\/div><\/div><div id=\"pg-w60145c0c33839-2\"  class=\"panel-grid panel-has-style\" ><div style=\"padding-top: 10px; padding-bottom: 10px; \" class=\"panel-row-style panel-row-style-for-w60145c0c33839-2\" ><div id=\"pgc-w60145c0c33839-2-0\"  class=\"panel-grid-cell\" ><div id=\"panel-w60145c0c33839-2-0-0\" class=\"so-panel widget widget_text panel-first-child panel-last-child\" data-index=\"3\" ><div id=\"textoLogos\" class=\"panel-widget-style panel-widget-style-for-w60145c0c33839-2-0-0\" >\t\t\t<div class=\"textwidget\"><\/div>\n\t\t<\/div><\/div><\/div><\/div><\/div><\/div><\/div><\/div><div id=\"pgc-w6014948f4d86c-0-1\"  class=\"panel-grid-cell\" ><div class=\"panel-cell-style panel-cell-style-for-w6014948f4d86c-0-1\" ><div id=\"panel-w6014948f4d86c-0-1-0\" class=\"so-panel widget widget_sow-headline panel-first-child panel-last-child\" data-index=\"1\" ><div class=\"panel-widget-style panel-widget-style-for-w6014948f4d86c-0-1-0\" ><div\n\t\t\t\n\t\t\tclass=\"so-widget-sow-headline so-widget-sow-headline-default-f98a2d69a990\"\n\t\t\t\n\t\t><div class=\"sow-headline-container \">\n\t\t\t\t\t\t\t<h3 class=\"sow-headline\">\n\t\t\t\t\t\tDescripci\u00f3n\t\t\t\t\t\t<\/h3>\n\t\t\t\t\t\t\t\t\t\t\t\t<p class=\"sow-sub-headline\">\n\t\t\t\t\t\tEl Centro de Estudios de \u00d1uble (CE\u00d1), de la Universidad del B\u00edo-B\u00edo fue creado en el a\u00f1o 2018, respondiendo a las necesidades de generar conocimiento, promover el an\u00e1lisis de la realidad local y fortalecer la innovaci\u00f3n y el emprendimiento para contribuir a generar propuestas de desarrollo y articulaci\u00f3n de la Universidad con actores p\u00fablicos y privados, contribuyendo al desarrollo regional y al fortalecimiento de las actividades como: desarrollo rural y agronegocios, estudios econ\u00f3micos, pol\u00edticos y de ciudadan\u00eda, as\u00ed como al desarrollo social y territorial. Incluyen tem\u00e1ticas de desigualdades, g\u00e9nero, educaci\u00f3n y familia, para impulsar iniciativas conjuntas en favor del emprendimiento, innovaci\u00f3n y desarrollo sostenible de la regi\u00f3n de \u00d1uble.\t\t\t\t\t\t<\/p>\n\t\t\t\t\t\t<\/div>\n<\/div><\/div><\/div><\/div><\/div><\/div><\/div><\/div><\/div><\/div><\/div><div id=\"pgc-1443-0-3\"  class=\"panel-grid-cell panel-grid-cell-empty\" ><\/div><\/div><\/div><\/div>","protected":false},"excerpt":{"rendered":"<p>Centro de Estudios de \u00d1uble CE\u00d1 Tipo: Centro Tel\u00e9fono: (42) 2463638 Descripci\u00f3n El Centro de Estudios de \u00d1uble (CE\u00d1), de la Universidad del B\u00edo-B\u00edo fue creado en el a\u00f1o 2018,&nbsp;[ &hellip; ]<\/p>\n","protected":false},"author":1,"featured_media":0,"parent":0,"menu_order":0,"comment_status":"closed","ping_status":"closed","template":"page-templates\/template_page-builder.php","meta":{"footnotes":""},"_links":{"self":[{"href":"http:\/\/otl.ubiobio.cl\/index.php\/wp-json\/wp\/v2\/pages\/1443"}],"collection":[{"href":"http:\/\/otl.ubiobio.cl\/index.php\/wp-json\/wp\/v2\/pages"}],"about":[{"href":"http:\/\/otl.ubiobio.cl\/index.php\/wp-json\/wp\/v2\/types\/page"}],"author":[{"embeddable":true,"href":"http:\/\/otl.ubiobio.cl\/index.php\/wp-json\/wp\/v2\/users\/1"}],"replies":[{"embeddable":true,"href":"http:\/\/otl.ubiobio.cl\/index.php\/wp-json\/wp\/v2\/comments?post=1443"}],"version-history":[{"count":6,"href":"http:\/\/otl.ubiobio.cl\/index.php\/wp-json\/wp\/v2\/pages\/1443\/revisions"}],"predecessor-version":[{"id":1585,"href":"http:\/\/otl.ubiobio.cl\/index.php\/wp-json\/wp\/v2\/pages\/1443\/revisions\/1585"}],"wp:attachment":[{"href":"http:\/\/otl.ubiobio.cl\/index.php\/wp-json\/wp\/v2\/media?parent=1443"}],"curies":[{"name":"wp","href":"https:\/\/api.w.org\/{rel}","templated":true}]}}