{"id":1664,"date":"2021-03-11T14:26:36","date_gmt":"2021-03-11T14:26:36","guid":{"rendered":"http:\/\/otl.ubiobio.cl\/?page_id=1664"},"modified":"2021-03-18T13:14:07","modified_gmt":"2021-03-18T13:14:07","slug":"mapa2","status":"publish","type":"page","link":"http:\/\/otl.ubiobio.cl\/index.php\/mapa2\/","title":{"rendered":"MAPA2"},"content":{"rendered":"<div id=\"pl-1664\"  class=\"panel-layout\" ><div id=\"pg-1664-0\"  class=\"panel-grid panel-has-style\" ><div class=\"siteorigin-panels-stretch panel-row-style panel-row-style-for-1664-0\" style=\"padding-top: 0px; padding-bottom: 0px; \" id=\"general\" data-stretch-type=\"full-stretched\" ><div id=\"pgc-1664-0-0\"  class=\"panel-grid-cell panel-grid-cell-empty\" ><\/div><div id=\"pgc-1664-0-1\"  class=\"panel-grid-cell\" ><div class=\"panel-cell-style panel-cell-style-for-1664-0-1\" ><div id=\"panel-1664-0-1-0\" class=\"so-panel widget widget_sow-headline panel-first-child\" data-index=\"0\" ><div class=\"panel-widget-style panel-widget-style-for-1664-0-1-0\" ><div\n\t\t\t\n\t\t\tclass=\"so-widget-sow-headline so-widget-sow-headline-default-cfdf50059b19-1664\"\n\t\t\t\n\t\t><div class=\"sow-headline-container \">\n\t\t\t\t\t\t\t<h1 class=\"sow-headline\">\n\t\t\t\t\t\tSede Concepci\u00f3n\t\t\t\t\t\t<\/h1>\n\t\t\t\t\t\t<\/div>\n<\/div><\/div><\/div><div id=\"panel-1664-0-1-1\" class=\"so-panel widget widget_sow-image\" data-index=\"1\" ><div id=\"imgConce\" class=\"panel-widget-style panel-widget-style-for-1664-0-1-1\" ><div\n\t\t\t\n\t\t\tclass=\"so-widget-sow-image so-widget-sow-image-default-8b5b6f678277-1664\"\n\t\t\t\n\t\t>\n\n<div class=\"sow-image-container\">\n\t\t<img loading=\"lazy\" decoding=\"async\" src=\"http:\/\/otl.ubiobio.cl\/wp-content\/uploads\/2021\/03\/vista-aerea-UBB-Concepcion.jpg\" width=\"3178\" height=\"1643\" srcset=\"http:\/\/otl.ubiobio.cl\/wp-content\/uploads\/2021\/03\/vista-aerea-UBB-Concepcion.jpg 3178w, http:\/\/otl.ubiobio.cl\/wp-content\/uploads\/2021\/03\/vista-aerea-UBB-Concepcion-300x155.jpg 300w, http:\/\/otl.ubiobio.cl\/wp-content\/uploads\/2021\/03\/vista-aerea-UBB-Concepcion-768x397.jpg 768w, http:\/\/otl.ubiobio.cl\/wp-content\/uploads\/2021\/03\/vista-aerea-UBB-Concepcion-1024x529.jpg 1024w, http:\/\/otl.ubiobio.cl\/wp-content\/uploads\/2021\/03\/vista-aerea-UBB-Concepcion-710x367.jpg 710w\" sizes=\"(max-width: 3178px) 100vw, 3178px\" title=\"vista aerea UBB Concepcion\" alt=\"\" \t\tclass=\"so-widget-image\"\/>\n\t<\/div>\n\n<\/div><\/div><\/div><div id=\"panel-1664-0-1-2\" class=\"widget_text so-panel widget widget_custom_html panel-last-child\" data-index=\"2\" ><div class=\"textwidget custom-html-widget\"><style>\n\t#imgConce:hover, #imgChillan:hover{\n\t\tborder-radius: 25px;\n    opacity: 0.7;\n    padding: 10px;\n    cursor: pointer;\n\t}\n<\/style>\n\n<script>\njQuery(function($) {\n\t$(\"#imgConce\").click(function(){\n\t\t$(\"#conce\").css(\"visibility\", \"visible\");\n\t\t$(\"#conceimg\").css(\"display\", \"block\");\n\t\t$(\"#tituloConce\").css(\"display\", \"block\");\n\t\t$(\"#general\").css(\"visibility\", \"hidden\");\n\t\t$(\"#general\").css(\"height\", \"0px\");\n\t});\n\t$(\"#imgChillan\").click(function(){\n\t\t$(\"#chillan\").css(\"visibility\", \"visible\");\n\t\t$(\"#chillanimg\").css(\"display\", \"block\");\n\t\t$(\"#tituloChillan\").css(\"display\", \"block\");\n\t\t$(\"#general\").css(\"visibility\", \"hidden\");\n\t\t$(\"#general\").css(\"height\", \"0px\");\n\t});\n\t$(\"#volverMapa\").click(function(){\n\t\t\t$(\"#chillan\").css(\"visibility\", \"hidden\");\n\t\t\t$(\"#chillanimg\").css(\"display\", \"none\");\n\t\t\t$(\"#tituloChillan\").css(\"display\", \"none\");\n\t\t\t$(\"#conce\").css(\"visibility\", \"hidden\");\n\t\t\t$(\"#conceimg\").css(\"display\", \"none\");\n\t\t\t$(\"#tituloConce\").css(\"display\", \"none\");\n\t\t\t$(\"#general\").css(\"visibility\", \"visible\");\n\t\t\t$(\"#general\").css(\"height\", \"auto\");\n\t});\n\t\t$(\"#volverMapa2\").click(function(){\n\t\t\t$(\"#chillan\").css(\"visibility\", \"hidden\");\n\t\t\t$(\"#chillanimg\").css(\"display\", \"none\");\n\t\t\t$(\"#tituloChillan\").css(\"display\", \"none\");\n\t\t\t$(\"#conce\").css(\"visibility\", \"hidden\");\n\t\t\t$(\"#conceimg\").css(\"display\", \"none\");\n\t\t\t$(\"#tituloConce\").css(\"display\", \"none\");\n\t\t\t$(\"#general\").css(\"visibility\", \"visible\");\n\t\t\t$(\"#general\").css(\"height\", \"auto\");\n\t});\n\n});\n<\/script><\/div><\/div><\/div><\/div><div id=\"pgc-1664-0-2\"  class=\"panel-grid-cell panel-grid-cell-mobile-last\" ><div class=\"panel-cell-style panel-cell-style-for-1664-0-2\" ><div id=\"panel-1664-0-2-0\" class=\"so-panel widget widget_sow-headline panel-first-child\" data-index=\"3\" ><div class=\"panel-widget-style panel-widget-style-for-1664-0-2-0\" ><div\n\t\t\t\n\t\t\tclass=\"so-widget-sow-headline so-widget-sow-headline-default-cfdf50059b19-1664\"\n\t\t\t\n\t\t><div class=\"sow-headline-container \">\n\t\t\t\t\t\t\t<h1 class=\"sow-headline\">\n\t\t\t\t\t\tSede Chill\u00e1n\t\t\t\t\t\t<\/h1>\n\t\t\t\t\t\t<\/div>\n<\/div><\/div><\/div><div id=\"panel-1664-0-2-1\" class=\"so-panel widget widget_sow-image panel-last-child\" data-index=\"4\" ><div id=\"imgChillan\" class=\"panel-widget-style panel-widget-style-for-1664-0-2-1\" ><div\n\t\t\t\n\t\t\tclass=\"so-widget-sow-image so-widget-sow-image-default-8b5b6f678277-1664\"\n\t\t\t\n\t\t>\n\n<div class=\"sow-image-container\">\n\t\t<img loading=\"lazy\" decoding=\"async\" src=\"http:\/\/otl.ubiobio.cl\/wp-content\/uploads\/2021\/03\/vista-aerea-ubb-Chillan-1.jpg\" width=\"3178\" height=\"1643\" srcset=\"http:\/\/otl.ubiobio.cl\/wp-content\/uploads\/2021\/03\/vista-aerea-ubb-Chillan-1.jpg 3178w, http:\/\/otl.ubiobio.cl\/wp-content\/uploads\/2021\/03\/vista-aerea-ubb-Chillan-1-300x155.jpg 300w, http:\/\/otl.ubiobio.cl\/wp-content\/uploads\/2021\/03\/vista-aerea-ubb-Chillan-1-768x397.jpg 768w, http:\/\/otl.ubiobio.cl\/wp-content\/uploads\/2021\/03\/vista-aerea-ubb-Chillan-1-1024x529.jpg 1024w, http:\/\/otl.ubiobio.cl\/wp-content\/uploads\/2021\/03\/vista-aerea-ubb-Chillan-1-710x367.jpg 710w\" sizes=\"(max-width: 3178px) 100vw, 3178px\" title=\"vista aerea ubb Chillan\" alt=\"\" \t\tclass=\"so-widget-image\"\/>\n\t<\/div>\n\n<\/div><\/div><\/div><\/div><\/div><div id=\"pgc-1664-0-3\"  class=\"panel-grid-cell panel-grid-cell-empty\" ><\/div><\/div><\/div><div id=\"pg-1664-1\"  class=\"panel-grid panel-has-style\" ><div class=\"siteorigin-panels-stretch panel-row-style panel-row-style-for-1664-1\" style=\"padding-top: 0px; padding-bottom: 0px; \" id=\"conce\" data-stretch-type=\"full-stretched\" ><div id=\"pgc-1664-1-0\"  class=\"panel-grid-cell panel-grid-cell-empty\" ><\/div><div id=\"pgc-1664-1-1\"  class=\"panel-grid-cell panel-grid-cell-mobile-last\" ><div class=\"panel-cell-style panel-cell-style-for-1664-1-1\" ><div id=\"panel-1664-1-1-0\" class=\"so-panel widget widget_sow-headline panel-first-child\" data-index=\"5\" ><div id=\"tituloConce\" class=\"panel-widget-style panel-widget-style-for-1664-1-1-0\" ><div\n\t\t\t\n\t\t\tclass=\"so-widget-sow-headline so-widget-sow-headline-default-cfdf50059b19-1664\"\n\t\t\t\n\t\t><div class=\"sow-headline-container \">\n\t\t\t\t\t\t\t<h1 class=\"sow-headline\">\n\t\t\t\t\t\tSede Concepci\u00f3n\t\t\t\t\t\t<\/h1>\n\t\t\t\t\t\t<\/div>\n<\/div><\/div><\/div><div id=\"panel-1664-1-1-1\" class=\"so-panel widget widget_sow-button\" data-index=\"6\" ><div id=\"volverMapa\" class=\"panel-widget-style panel-widget-style-for-1664-1-1-1\" ><div\n\t\t\t\n\t\t\tclass=\"so-widget-sow-button so-widget-sow-button-atom-f54c0409268f-1664\"\n\t\t\t\n\t\t><div class=\"ow-button-base ow-button-align-center\">\n\t<a\n\thref=\"#\"\n\t\tclass=\"ow-icon-placement-right ow-button-hover\" \t>\n\t\t<span>\n\t\t\t\n\t\t\tVolver a mapas\t\t<\/span>\n\t<\/a>\n<\/div>\n<\/div><\/div><\/div><div id=\"panel-1664-1-1-2\" class=\"widget_text so-panel widget widget_custom_html\" data-index=\"7\" ><div class=\"textwidget custom-html-widget\"><style>\n\n  #overlay, #overlay2 {\n      position: absolute;\n    z-index: 999;\n      width: 200px;\n      height: 110px;\n    display: none;\n    margin-left: 100px;\n    margin-top: 50px;\n  }\n\n  #popup , #popup2{\n    max-width: 200px;\n      max-height: 300px;\n      height: 90px;\n      padding: 20px;\n      position: relative;\n      background: white;\n      border-radius: 10px;\n      color: black;\n  }\n  #close, #close2 {\n    position: absolute;\n    top: 3px;\n    right: 10px;\n    cursor: pointer;\n    color: black;\n  }\n  #titulo, #titulo2{\n    color: black;\n      margin: 0;\n      font-size: 16px;\n      text-align: center;\n  }\n  #descripcion, #descripcion2{\n    color: black;\n      \/*position: absolute;\n      right: 5px;\n      bottom: 5px;*\/\n      text-decoration: underline;\n      text-align: center;\n      display: block;\n      margin-top: 10px;\n  }\n<\/style>\n\n<script>\njQuery(function($) {\n\n  $( \".contenedormarkeres img\" ).click(\n    function(event) {\n      console.log(event, event.clientX, event.clientY);\n      var valorX = event.clientX - 300;\n      var valorY = event.pageY - 300;\n      if( navigator.userAgent.match(\/Android\/i)\n       || navigator.userAgent.match(\/webOS\/i)\n       || navigator.userAgent.match(\/iPhone\/i)\n       || navigator.userAgent.match(\/iPad\/i)\n       || navigator.userAgent.match(\/iPod\/i)\n       || navigator.userAgent.match(\/BlackBerry\/i)\n       || navigator.userAgent.match(\/Windows Phone\/i)){\n          valorX = 80\n          valorY = 50\n      }\n\n      $(\"#titulo\").html($( this ).attr(\"data-nombre\"));\n      $(\"#descripcion\").attr(\"href\", $( this ).attr(\"data-url\"));\n\n      $(\"#overlay\").css(\"margin-left\", valorX);\n      $(\"#overlay\").css(\"margin-top\", valorY);\n      $('#overlay').fadeIn();\n    }\n  );\n\n  $( \".contenedormarkeres2 img\" ).click(\n    function(event) {\n      console.log(event.clientX, event.clientY);\n      var valorX = event.clientX - 300;\n      var valorY = event.pageY - 400; \n\t\t\t\/\/var valorY = event.clientY - 200;\n      \n      if( navigator.userAgent.match(\/Android\/i)\n       || navigator.userAgent.match(\/webOS\/i)\n       || navigator.userAgent.match(\/iPhone\/i)\n       || navigator.userAgent.match(\/iPad\/i)\n       || navigator.userAgent.match(\/iPod\/i)\n       || navigator.userAgent.match(\/BlackBerry\/i)\n       || navigator.userAgent.match(\/Windows Phone\/i)){\n          valorX = 80\n          valorY = 50\n      }\n      \n\n      $(\"#titulo2\").html($( this ).attr(\"data-nombre\"));\n      $(\"#descripcion2\").attr(\"href\", $( this ).attr(\"data-url\"));\n\n      $(\"#overlay2\").css(\"margin-left\", valorX);\n      $(\"#overlay2\").css(\"margin-top\", valorY);\n      $('#overlay2').fadeIn();\n    }\n  );\n\n  $( \"#close\" ).click(\n    function() {\n      $('#overlay').fadeOut(100);\n    }\n  );\n  $( \"#close2\" ).click(\n    function() {\n      $('#overlay2').fadeOut(100);\n    }\n  );\n\n  \/*$( \".contenedormarkeres img\" ).hover(\n    function() {\n      $(\"#titulo\").html($( this ).attr(\"id\"));\n      $('#overlay').fadeIn();\n    }, function() {\n      $('#overlay').fadeOut();\n      \/\/$( this ).removeClass( \"hover\" );\n    }\n  );*\/\n});\n<\/script>\n\n<div id=\"overlay\">\n  <div id=\"popup\">\n    <div id=\"close\">X<\/div>\n    <h2 id=\"titulo\"><\/h2>\n    <a id=\"descripcion\" href=\"\">Ir a la descripci\u00f3n<\/a>\n  <\/div>\n<\/div>\n<div class=\"contenedormarkeres\" style=\"position: relative;\">\n  <img decoding=\"async\" id=\"latqui\" src=\"http:\/\/otl.ubiobio.cl\/wp-content\/uploads\/2021\/02\/marker.png\" style=\"position: absolute; width: 2%; margin-top: 33%; left: 61%;\" data-url=\"http:\/\/otl.ubiobio.cl\/index.php\/latqui\/\" data-nombre=\"LATQUI\" \/>\n  <img decoding=\"async\" id=\"leu\" src=\"http:\/\/otl.ubiobio.cl\/wp-content\/uploads\/2021\/02\/marker.png\" style=\"position: absolute; width: 2%; margin-top: 34%; left: 39%;\" data-url=\"http:\/\/otl.ubiobio.cl\/index.php\/leu\" data-nombre=\"LEU\" \/>  \n  <img decoding=\"async\" id=\"casp\" src=\"http:\/\/otl.ubiobio.cl\/wp-content\/uploads\/2021\/02\/marker.png\" style=\"position: absolute; width: 2%; margin-top: 16%; left: 40%;\" data-url=\"http:\/\/otl.ubiobio.cl\/index.php\/casp\" data-nombre=\"CASP\" \/> \n  <img decoding=\"async\" id=\"cbn\" src=\"http:\/\/otl.ubiobio.cl\/wp-content\/uploads\/2021\/02\/marker.png\" style=\"position: absolute; width: 2%; margin-top: 8%; left: 42%;\" data-url=\"http:\/\/otl.ubiobio.cl\/index.php\/cbn\" data-nombre=\"CBN\" \/> \n  <img decoding=\"async\" id=\"lee\" src=\"http:\/\/otl.ubiobio.cl\/wp-content\/uploads\/2021\/02\/marker.png\" style=\"position: absolute; width: 2%; margin-top: 8%; left: 48%;\" data-url=\"http:\/\/otl.ubiobio.cl\/index.php\/pee\" data-nombre=\"PEE\" \/> \n  <img decoding=\"async\" id=\"labmat\" src=\"http:\/\/otl.ubiobio.cl\/wp-content\/uploads\/2021\/02\/marker.png\" style=\"position: absolute; width: 2%; margin-top: 4%; left: 43%;\" data-url=\"http:\/\/otl.ubiobio.cl\/index.php\/labmat\" data-nombre=\"LABMAT\" \/>  \n  <img decoding=\"async\" id=\"labcon\" src=\"http:\/\/otl.ubiobio.cl\/wp-content\/uploads\/2021\/02\/marker.png\" style=\"position: absolute; width: 2%; margin-top: 5%; left: 48%;\" data-url=\"http:\/\/otl.ubiobio.cl\/index.php\/labcon\" data-nombre=\"LABCON\" \/>  \n  <img decoding=\"async\" id=\"lbb\" src=\"http:\/\/otl.ubiobio.cl\/wp-content\/uploads\/2021\/02\/marker.png\" style=\"position: absolute; width: 2%; margin-top: 10%; left: 46%;\" data-url=\"http:\/\/otl.ubiobio.cl\/index.php\/lbb\" data-nombre=\"LBB\" \/>  \n  <img decoding=\"async\" id=\"citec\" src=\"http:\/\/otl.ubiobio.cl\/wp-content\/uploads\/2021\/02\/marker.png\" style=\"position: absolute; width: 2%; margin-top: 2%; left: 58%;\" data-url=\"http:\/\/otl.ubiobio.cl\/index.php\/citec\" data-nombre=\"CITEC\" \/> \n  <img decoding=\"async\" id=\"centroInnovacion\" src=\"http:\/\/otl.ubiobio.cl\/wp-content\/uploads\/2021\/02\/marker.png\" style=\"position: absolute; width: 2%; margin-top: 19%; left: 77%;\" data-url=\"http:\/\/otl.ubiobio.cl\/index.php\/cdi\"  data-nombre=\"CDI\" \/>  \n  <img decoding=\"async\" id=\"cimubb\" src=\"http:\/\/otl.ubiobio.cl\/wp-content\/uploads\/2021\/02\/marker.png\" style=\"position: absolute; width: 2%; margin-top: 14%; left: 28%;\" data-url=\"http:\/\/otl.ubiobio.cl\/index.php\/cimubb\" data-nombre=\"CIMUBB\" \/> \n  <img decoding=\"async\" id=\"secado\" src=\"http:\/\/otl.ubiobio.cl\/wp-content\/uploads\/2021\/02\/marker.png\" style=\"position: absolute; width: 2%; margin-top: 9%; left: 36%;\" data-url=\"http:\/\/otl.ubiobio.cl\/index.php\/secado\" data-nombre=\"SECADO\" \/>  \n  <img decoding=\"async\" id=\"dimec\" src=\"http:\/\/otl.ubiobio.cl\/wp-content\/uploads\/2021\/02\/marker.png\" style=\"position: absolute; width: 2%; margin-top: 2%; left: 30%;\" data-url=\"http:\/\/otl.ubiobio.cl\/index.php\/labdimec\" data-nombre=\"DIMEC\" \/>  \n  <img decoding=\"async\" id=\"gobierno\" src=\"http:\/\/otl.ubiobio.cl\/wp-content\/uploads\/2021\/02\/marker.png\" style=\"position: absolute; width: 2%; margin-top: 11%; left: 24%;\" data-url=\"http:\/\/otl.ubiobio.cl\/index.php\/lgpp\" data-nombre=\"LGPP\" \/> \n  <img decoding=\"async\" id=\"ceur\" src=\"http:\/\/otl.ubiobio.cl\/wp-content\/uploads\/2021\/02\/marker.png\" style=\"position: absolute; width: 2%; margin-top: 11%; left: 22%;\" data-url=\"http:\/\/otl.ubiobio.cl\/index.php\/ceur\" data-nombre=\"CEUR\" \/> \n  <img decoding=\"async\" id=\"centroMadera\" src=\"http:\/\/otl.ubiobio.cl\/wp-content\/uploads\/2021\/02\/marker.png\" style=\"position: absolute; width: 2%; margin-top: 14%; left: 44%;\" data-url=\"http:\/\/otl.ubiobio.cl\/index.php\/centro-madera\" data-nombre=\"Centro Departamento Madera\" \/>  \n<\/div>\n\n\n<\/div><\/div><div id=\"panel-1664-1-1-3\" class=\"so-panel widget widget_sow-image panel-last-child\" data-index=\"8\" ><div id=\"conceimg\" class=\"panel-widget-style panel-widget-style-for-1664-1-1-3\" ><div\n\t\t\t\n\t\t\tclass=\"so-widget-sow-image so-widget-sow-image-default-8b5b6f678277-1664\"\n\t\t\t\n\t\t>\n\n<div class=\"sow-image-container\">\n\t\t<img loading=\"lazy\" decoding=\"async\" src=\"http:\/\/otl.ubiobio.cl\/wp-content\/uploads\/2021\/03\/vista-aerea-UBB-Concepcion.jpg\" width=\"3178\" height=\"1643\" srcset=\"http:\/\/otl.ubiobio.cl\/wp-content\/uploads\/2021\/03\/vista-aerea-UBB-Concepcion.jpg 3178w, http:\/\/otl.ubiobio.cl\/wp-content\/uploads\/2021\/03\/vista-aerea-UBB-Concepcion-300x155.jpg 300w, http:\/\/otl.ubiobio.cl\/wp-content\/uploads\/2021\/03\/vista-aerea-UBB-Concepcion-768x397.jpg 768w, http:\/\/otl.ubiobio.cl\/wp-content\/uploads\/2021\/03\/vista-aerea-UBB-Concepcion-1024x529.jpg 1024w, http:\/\/otl.ubiobio.cl\/wp-content\/uploads\/2021\/03\/vista-aerea-UBB-Concepcion-710x367.jpg 710w\" sizes=\"(max-width: 3178px) 100vw, 3178px\" title=\"vista aerea UBB Concepcion\" alt=\"\" \t\tclass=\"so-widget-image\"\/>\n\t<\/div>\n\n<\/div><\/div><\/div><\/div><\/div><div id=\"pgc-1664-1-2\"  class=\"panel-grid-cell panel-grid-cell-empty\" ><\/div><\/div><\/div><div id=\"pg-1664-2\"  class=\"panel-grid panel-has-style\" ><div class=\"siteorigin-panels-stretch panel-row-style panel-row-style-for-1664-2\" style=\"padding-top: 0px; padding-bottom: 0px; \" id=\"chillan\" data-stretch-type=\"full-stretched\" ><div id=\"pgc-1664-2-0\"  class=\"panel-grid-cell panel-grid-cell-empty\" ><\/div><div id=\"pgc-1664-2-1\"  class=\"panel-grid-cell panel-grid-cell-mobile-last\" ><div id=\"panel-1664-2-1-0\" class=\"so-panel widget widget_sow-headline panel-first-child\" data-index=\"9\" ><div id=\"tituloChillan\" class=\"panel-widget-style panel-widget-style-for-1664-2-1-0\" ><div\n\t\t\t\n\t\t\tclass=\"so-widget-sow-headline so-widget-sow-headline-default-cfdf50059b19-1664\"\n\t\t\t\n\t\t><div class=\"sow-headline-container \">\n\t\t\t\t\t\t\t<h1 class=\"sow-headline\">\n\t\t\t\t\t\tSede Chill\u00e1n\t\t\t\t\t\t<\/h1>\n\t\t\t\t\t\t<\/div>\n<\/div><\/div><\/div><div id=\"panel-1664-2-1-1\" class=\"so-panel widget widget_sow-button\" data-index=\"10\" ><div id=\"volverMapa2\" class=\"panel-widget-style panel-widget-style-for-1664-2-1-1\" ><div\n\t\t\t\n\t\t\tclass=\"so-widget-sow-button so-widget-sow-button-atom-f54c0409268f-1664\"\n\t\t\t\n\t\t><div class=\"ow-button-base ow-button-align-center\">\n\t<a\n\thref=\"#\"\n\t\tclass=\"ow-icon-placement-right ow-button-hover\" \t>\n\t\t<span>\n\t\t\t\n\t\t\tVolver a mapas\t\t<\/span>\n\t<\/a>\n<\/div>\n<\/div><\/div><\/div><div id=\"panel-1664-2-1-2\" class=\"widget_text so-panel widget widget_custom_html\" data-index=\"11\" ><div class=\"textwidget custom-html-widget\"><style>\n\t.CE{\n\t\tposition: absolute;     \n\t\tright: 11%;\n    margin-top: 38%;\n    padding: 8px !important;\n    font-size: 12px !important;\n\t}\n\t@media only screen and (max-width: 991px){\n\t\t.CE{\n\t\t\t\tright: 1%;\n    \t\tmargin-top: 47%;\n\t\t    padding: 2px !important;\n\t\t\t\tfont-size: 5px !important;\n\t\t\t}\n\t}\n\t\n<\/style>\n\n<div ><div class=\"so-widget-sow-button so-widget-sow-button-atom-4a75a8acc3b6\"><div class=\"ow-button-base ow-button-align-center\">\n\t<a href=\"#\" class=\"ow-icon-placement-right ow-button-hover CE\">\n\t\t<span>\n\t\t\t\n\t\t\tCentro de Extensi\u00f3n UBB\t\t<\/span><br>\n\t\t<span>\n\t\t\t\n\t\t\t(Dieciocho de Septiembre 580, Chill\u00e1n)\t\t<\/span>\n\t<\/a>\n<\/div>\n<\/div><\/div>\n\n<div id=\"overlay2\">\n\t<div id=\"popup2\">\n\t\t<div id=\"close2\">X<\/div>\n\t\t<h2 id=\"titulo2\"><\/h2>\n\t\t<a id=\"descripcion2\" href=\"\">Ir a la descripci\u00f3n<\/a>\n\t<\/div>\n<\/div>\n<div class=\"contenedormarkeres2\" style=\"position: relative;\">\n\t<img decoding=\"async\" id=\"cidecie\" src=\"http:\/\/otl.ubiobio.cl\/wp-content\/uploads\/2021\/02\/marker.png\" style=\"position: absolute; width: 2%; margin-top: 45.5%; left: 94%;\" data-url=\"http:\/\/otl.ubiobio.cl\/index.php\/cidecie\/\" data-nombre=\"CIDECIE\" \/>\n\t<img decoding=\"async\" id=\"cen\" src=\"http:\/\/otl.ubiobio.cl\/wp-content\/uploads\/2021\/02\/marker.png\" style=\"position: absolute; width: 2%; margin-top: 45.5%; left: 96%;\" data-url=\"http:\/\/otl.ubiobio.cl\/index.php\/cen\" data-nombre=\"CEN\" \/>\t\n\t<img decoding=\"async\" id=\"lecyca\" src=\"http:\/\/otl.ubiobio.cl\/wp-content\/uploads\/2021\/02\/marker.png\" style=\"position: absolute; width: 2%; margin-top: 17%; left: 63%;\" data-url=\"http:\/\/otl.ubiobio.cl\/index.php\/lecyca\" data-nombre=\"LECYCA\" \/>\t\n\t<img decoding=\"async\" id=\"cidecyta\" src=\"http:\/\/otl.ubiobio.cl\/wp-content\/uploads\/2021\/02\/marker.png\" style=\"position: absolute; width: 2%; margin-top: 24%; left: 78%;\" data-url=\"http:\/\/otl.ubiobio.cl\/index.php\/cidecyta\" data-nombre=\"CIDECYTA\" \/>\t\n\t\n<\/div>\n<\/div><\/div><div id=\"panel-1664-2-1-3\" class=\"so-panel widget widget_sow-image panel-last-child\" data-index=\"12\" ><div id=\"chillanimg\" class=\"panel-widget-style panel-widget-style-for-1664-2-1-3\" ><div\n\t\t\t\n\t\t\tclass=\"so-widget-sow-image so-widget-sow-image-default-8b5b6f678277-1664\"\n\t\t\t\n\t\t>\n\n<div class=\"sow-image-container\">\n\t\t<img loading=\"lazy\" decoding=\"async\" src=\"http:\/\/otl.ubiobio.cl\/wp-content\/uploads\/2021\/03\/vista-aerea-ubb-Chillan-1.jpg\" width=\"3178\" height=\"1643\" srcset=\"http:\/\/otl.ubiobio.cl\/wp-content\/uploads\/2021\/03\/vista-aerea-ubb-Chillan-1.jpg 3178w, http:\/\/otl.ubiobio.cl\/wp-content\/uploads\/2021\/03\/vista-aerea-ubb-Chillan-1-300x155.jpg 300w, http:\/\/otl.ubiobio.cl\/wp-content\/uploads\/2021\/03\/vista-aerea-ubb-Chillan-1-768x397.jpg 768w, http:\/\/otl.ubiobio.cl\/wp-content\/uploads\/2021\/03\/vista-aerea-ubb-Chillan-1-1024x529.jpg 1024w, http:\/\/otl.ubiobio.cl\/wp-content\/uploads\/2021\/03\/vista-aerea-ubb-Chillan-1-710x367.jpg 710w\" sizes=\"(max-width: 3178px) 100vw, 3178px\" title=\"vista aerea ubb Chillan\" alt=\"\" \t\tclass=\"so-widget-image\"\/>\n\t<\/div>\n\n<\/div><\/div><\/div><\/div><div id=\"pgc-1664-2-2\"  class=\"panel-grid-cell panel-grid-cell-empty\" ><\/div><\/div><\/div><div id=\"pg-1664-3\"  class=\"panel-grid panel-has-style\" ><div class=\"siteorigin-panels-stretch panel-row-style panel-row-style-for-1664-3\" style=\"padding-top: 30px; padding-bottom: 30px; \" data-stretch-type=\"full-stretched\" ><div id=\"pgc-1664-3-0\"  class=\"panel-grid-cell panel-grid-cell-empty\" ><\/div><div id=\"pgc-1664-3-1\"  class=\"panel-grid-cell panel-grid-cell-mobile-last\" ><div id=\"panel-1664-3-1-0\" class=\"widget_text so-panel widget widget_custom_html panel-first-child panel-last-child\" data-index=\"13\" ><div class=\"textwidget custom-html-widget\"><style>\n\tdiv.linkEdificios {\n\t\t   line-height: 1.8;\n\t}\n\tdiv.linkEdificios a{\n\t\t    color: black;\n    font-size: 12px;\n    margin-right: 20px;\n\t}\n<\/style>\n<div class=\"linkEdificios\">\n\t<a href=\"http:\/\/otl.ubiobio.cl\/index.php\/cbn\">Centro de Biomateriales y Nanotecnolog\u00eda <\/a>\n<a href=\"http:\/\/otl.ubiobio.cl\/index.php\/ceur\">Centro de Estudios Urbanos Regionales <\/a>\n<a href=\"http:\/\/otl.ubiobio.cl\/index.php\/citec\">Centro de Investigaci\u00f3n en Tecnolog\u00edas de la Construcci\u00f3n <\/a>\n<a href=\"http:\/\/otl.ubiobio.cl\/index.php\/centro-madera\">Centro Departamento Ingenier\u00eda en Madera <\/a>\n<a href=\"http:\/\/otl.ubiobio.cl\/index.php\/latqui\">Laboratorio de Asistencia T\u00e9cnica Qu\u00edmica <\/a>\n<a href=\"http:\/\/otl.ubiobio.cl\/index.php\/lbb\">Programa de Bioprocesos y Biotratamientos <\/a>\n<a href=\"http:\/\/otl.ubiobio.cl\/index.php\/labcon\">Laboratorio de Ciencias de la Construcci\u00f3n <\/a>\n<a href=\"http:\/\/otl.ubiobio.cl\/index.php\/leu\">Laboratorio de Estudios Urbanos <\/a>\n<a href=\"http:\/\/otl.ubiobio.cl\/index.php\/labmat\">Laboratorio de Materiales <\/a>\n<a href=\"http:\/\/otl.ubiobio.cl\/index.php\/secado\">Laboratorio de secado y tratamientos t\u00e9rmicos de la madera <\/a>\n<a href=\"http:\/\/otl.ubiobio.cl\/index.php\/cimubb\">Laboratorio de Sistemas Automatizados de Manufactura <\/a>\n<a href=\"http:\/\/otl.ubiobio.cl\/index.php\/labdimec\">Laboratorio de Ingenier\u00eda en Mec\u00e1nica <\/a>\n<a href=\"http:\/\/otl.ubiobio.cl\/index.php\/casp\">Programa Centro Avanzado de Simulaci\u00f3n de Procesos <\/a>\n<a href=\"http:\/\/otl.ubiobio.cl\/index.php\/lggp\">Laboratorio de Gobierno, Innovaci\u00f3n y Pol\u00edticas P\u00fablicas <\/a>\n<a href=\"http:\/\/otl.ubiobio.cl\/index.php\/pee\">Laboratorio de Econom\u00eda Espacial <\/a>\n<a href=\"http:\/\/otl.ubiobio.cl\/index.php\/cidecie\">Centro de Investigaci\u00f3n en Inform\u00e1tica Educativa <\/a>\n<a href=\"http:\/\/otl.ubiobio.cl\/index.php\/cen\">Centro de Estudios de \u00d1uble <\/a>\n<a href=\"http:\/\/otl.ubiobio.cl\/index.php\/lecyca\">Laboratorio de Experimentaci\u00f3n, Control y Certificaci\u00f3n de Calidad de los Alimentos <\/a>\n<a href=\"http:\/\/otl.ubiobio.cl\/index.php\/cidecyta\">Centro de Investigaci\u00f3n y Desarrollo en Ciencias y Tecnolog\u00edas en Alimentos <\/a>\n<a href=\"http:\/\/otl.ubiobio.cl\/index.php\/cdi\">Centro de Innovaci\u00f3n<\/a>\n<\/div>\n<\/div><\/div><\/div><div id=\"pgc-1664-3-2\"  class=\"panel-grid-cell panel-grid-cell-empty\" ><\/div><\/div><\/div><\/div>","protected":false},"excerpt":{"rendered":"<p>Sede Concepci\u00f3n Sede Chill\u00e1n Sede Concepci\u00f3n Volver a mapas X Ir a la descripci\u00f3n Sede Chill\u00e1n Volver a mapas Centro de Extensi\u00f3n UBB (Dieciocho de Septiembre 580, Chill\u00e1n) X Ir&nbsp;[ &hellip; ]<\/p>\n","protected":false},"author":1,"featured_media":0,"parent":0,"menu_order":0,"comment_status":"closed","ping_status":"closed","template":"page-templates\/template_page-builder.php","meta":{"footnotes":""},"_links":{"self":[{"href":"http:\/\/otl.ubiobio.cl\/index.php\/wp-json\/wp\/v2\/pages\/1664"}],"collection":[{"href":"http:\/\/otl.ubiobio.cl\/index.php\/wp-json\/wp\/v2\/pages"}],"about":[{"href":"http:\/\/otl.ubiobio.cl\/index.php\/wp-json\/wp\/v2\/types\/page"}],"author":[{"embeddable":true,"href":"http:\/\/otl.ubiobio.cl\/index.php\/wp-json\/wp\/v2\/users\/1"}],"replies":[{"embeddable":true,"href":"http:\/\/otl.ubiobio.cl\/index.php\/wp-json\/wp\/v2\/comments?post=1664"}],"version-history":[{"count":116,"href":"http:\/\/otl.ubiobio.cl\/index.php\/wp-json\/wp\/v2\/pages\/1664\/revisions"}],"predecessor-version":[{"id":1688,"href":"http:\/\/otl.ubiobio.cl\/index.php\/wp-json\/wp\/v2\/pages\/1664\/revisions\/1688"}],"wp:attachment":[{"href":"http:\/\/otl.ubiobio.cl\/index.php\/wp-json\/wp\/v2\/media?parent=1664"}],"curies":[{"name":"wp","href":"https:\/\/api.w.org\/{rel}","templated":true}]}}