{"id":27,"date":"2018-08-30T15:43:37","date_gmt":"2018-08-30T15:43:37","guid":{"rendered":"http:\/\/otl.ubiobio.cl\/?page_id=27"},"modified":"2022-05-18T01:59:30","modified_gmt":"2022-05-18T01:59:30","slug":"quienes-somos","status":"publish","type":"page","link":"http:\/\/otl.ubiobio.cl\/index.php\/nosotros\/quienes-somos\/","title":{"rendered":"\u00bfQUI\u00c9NES SOMOS?"},"content":{"rendered":"<div id=\"pl-27\"  class=\"panel-layout\" ><div id=\"pg-27-0\"  class=\"panel-grid panel-has-style\" ><div class=\"siteorigin-panels-stretch panel-row-style panel-row-style-for-27-0\" style=\"padding-top: 30px; padding-bottom: 30px; \" data-stretch-type=\"full-stretched\" ><div id=\"pgc-27-0-0\"  class=\"panel-grid-cell panel-grid-cell-empty\" ><\/div><div id=\"pgc-27-0-1\"  class=\"panel-grid-cell\" ><div class=\"panel-cell-style panel-cell-style-for-27-0-1\" ><div id=\"panel-27-0-1-0\" class=\"so-panel widget widget_sow-button panel-first-child\" data-index=\"0\" ><div\n\t\t\t\n\t\t\tclass=\"so-widget-sow-button so-widget-sow-button-flat-5dbf1504ce0f-27\"\n\t\t\t\n\t\t><div class=\"ow-button-base ow-button-align-left\">\n\t<a\n\thref=\"#\"\n\t\tclass=\"ow-icon-placement-left ow-button-hover\" \t>\n\t\t<span>\n\t\t\t\n\t\t\t\u00bfQUI\u00c9NES SOMOS?\t\t<\/span>\n\t<\/a>\n<\/div>\n<\/div><\/div><div id=\"panel-27-0-1-1\" class=\"widget_text so-panel widget widget_custom_html\" data-index=\"1\" ><div class=\"textwidget custom-html-widget\"><hr style=\"margin: 0px;\">\n<\/div><\/div><div id=\"panel-27-0-1-2\" class=\"so-panel widget widget_sow-button\" data-index=\"2\" ><div\n\t\t\t\n\t\t\tclass=\"so-widget-sow-button so-widget-sow-button-flat-e1991da6edfe-27\"\n\t\t\t\n\t\t><div class=\"ow-button-base ow-button-align-left\">\n\t<a\n\thref=\"http:\/\/otl.ubiobio.cl\/index.php\/nosotros\/mision-y-vision\/\"\n\t\tclass=\"ow-icon-placement-left\" \t>\n\t\t<span>\n\t\t\t\n\t\t\tMISI\u00d3N Y VISI\u00d3N\t\t<\/span>\n\t<\/a>\n<\/div>\n<\/div><\/div><div id=\"panel-27-0-1-3\" class=\"widget_text so-panel widget widget_custom_html\" data-index=\"3\" ><div class=\"textwidget custom-html-widget\"><hr style=\"margin: 0px;\">\n<\/div><\/div><div id=\"panel-27-0-1-4\" class=\"so-panel widget widget_sow-button\" data-index=\"4\" ><div\n\t\t\t\n\t\t\tclass=\"so-widget-sow-button so-widget-sow-button-flat-e1991da6edfe-27\"\n\t\t\t\n\t\t><div class=\"ow-button-base ow-button-align-left\">\n\t<a\n\thref=\"http:\/\/otl.ubiobio.cl\/index.php\/nosotros\/equipo-de-trabajo\/\"\n\t\tclass=\"ow-icon-placement-left ow-button-hover\" \t>\n\t\t<span>\n\t\t\t\n\t\t\tEQUIPO DE TRABAJO\t\t<\/span>\n\t<\/a>\n<\/div>\n<\/div><\/div><div id=\"panel-27-0-1-5\" class=\"widget_text so-panel widget widget_custom_html\" data-index=\"5\" ><div class=\"textwidget custom-html-widget\"><hr style=\"margin: 0px;\">\n<\/div><\/div><div id=\"panel-27-0-1-6\" class=\"so-panel widget widget_sow-button\" data-index=\"6\" ><div\n\t\t\t\n\t\t\tclass=\"so-widget-sow-button so-widget-sow-button-flat-e1991da6edfe-27\"\n\t\t\t\n\t\t><div class=\"ow-button-base ow-button-align-left\">\n\t<a\n\thref=\"http:\/\/otl.ubiobio.cl\/index.php\/nosotros\/organigrama\/\"\n\t\tclass=\"ow-icon-placement-left ow-button-hover\" \t>\n\t\t<span>\n\t\t\t\n\t\t\tORGANIGRAMA\t\t<\/span>\n\t<\/a>\n<\/div>\n<\/div><\/div><div id=\"panel-27-0-1-7\" class=\"widget_text so-panel widget widget_custom_html\" data-index=\"7\" ><div class=\"textwidget custom-html-widget\"><hr style=\"margin: 0px;\">\n<\/div><\/div><div id=\"panel-27-0-1-8\" class=\"so-panel widget widget_sow-button panel-last-child\" data-index=\"8\" ><div\n\t\t\t\n\t\t\tclass=\"so-widget-sow-button so-widget-sow-button-flat-e1991da6edfe-27\"\n\t\t\t\n\t\t><div class=\"ow-button-base ow-button-align-left\">\n\t<a\n\thref=\"http:\/\/otl.ubiobio.cl\/index.php\/nosotros\/conceptos-frecuentes\/\"\n\t\tclass=\"ow-icon-placement-left ow-button-hover\" \t>\n\t\t<span>\n\t\t\t\n\t\t\tGLOSARIO\t\t<\/span>\n\t<\/a>\n<\/div>\n<\/div><\/div><\/div><\/div><div id=\"pgc-27-0-2\"  class=\"panel-grid-cell panel-grid-cell-mobile-last\" ><div class=\"panel-cell-style panel-cell-style-for-27-0-2\" ><div id=\"panel-27-0-2-0\" class=\"so-panel widget widget_sow-headline panel-first-child\" data-index=\"9\" ><div\n\t\t\t\n\t\t\tclass=\"so-widget-sow-headline so-widget-sow-headline-default-7dbc9197b6e0-27\"\n\t\t\t\n\t\t><div class=\"sow-headline-container \">\n\t\t\t\t\t\t\t<h2 class=\"sow-headline\">\n\t\t\t\t\t\t\u00bfQu\u00e9 es la OTL UBB?\t\t\t\t\t\t<\/h2>\n\t\t\t\t\t\t<\/div>\n<\/div><\/div><div id=\"panel-27-0-2-1\" class=\"so-panel widget widget_sow-editor\" data-index=\"10\" ><div class=\"panel-widget-style panel-widget-style-for-27-0-2-1\" ><div\n\t\t\t\n\t\t\tclass=\"so-widget-sow-editor so-widget-sow-editor-base\"\n\t\t\t\n\t\t>\n<div class=\"siteorigin-widget-tinymce textwidget\">\n\t<p>La Oficina de Transferencia y Licenciamiento (OTL-UBB), es una unidad dependiente de la Direcci\u00f3n de Innovaci\u00f3n de la Universidad del B\u00edo-B\u00edo. Esta unidad es la encargada de apoyar, gestionar e impulsar todas las actividades para la Transferencia y el Licenciamiento de las innovaciones desarrolladas por su comunidad universitaria hacia el medio externo. Destacan entre sus funciones, el apoyo a la vinculaci\u00f3n Universidad - Empresa, la Vigilancia Tecnol\u00f3gica y la gesti\u00f3n de la Propiedad Intelectual.<\/p>\n<\/div>\n<\/div><\/div><\/div><div id=\"panel-27-0-2-2\" class=\"so-panel widget widget_sow-headline\" data-index=\"11\" ><div\n\t\t\t\n\t\t\tclass=\"so-widget-sow-headline so-widget-sow-headline-default-7dbc9197b6e0-27\"\n\t\t\t\n\t\t><div class=\"sow-headline-container \">\n\t\t\t\t\t\t\t<h2 class=\"sow-headline\">\n\t\t\t\t\t\tServicios Propiedad Intelectual y Transferencia Tecnol\u00f3gica\t\t\t\t\t\t<\/h2>\n\t\t\t\t\t\t<\/div>\n<\/div><\/div><div id=\"panel-27-0-2-3\" class=\"so-panel widget widget_sow-editor\" data-index=\"12\" ><div class=\"panel-widget-style panel-widget-style-for-27-0-2-3\" ><div\n\t\t\t\n\t\t\tclass=\"so-widget-sow-editor so-widget-sow-editor-base\"\n\t\t\t\n\t\t>\n<div class=\"siteorigin-widget-tinymce textwidget\">\n\t<p>La Oficina de Transferencia y Licenciamiento de la Universidad del B\u00edo-B\u00edo (OTL-UBB) apoyar\u00e1 a sus acad\u00e9micos, profesionales, administrativos y alumnos, en todas las actividades referentes a Propiedad Intelectual, Transferencia y licenciamiento de todo el quehacer cient\u00edfico-tecnol\u00f3gico universitario.<\/p>\n<p>La OTL - UBB cuenta con un staff de profesionales que lo asesorar\u00e1n en los mecanismos de transferencia tecnol\u00f3gica mediante los siguientes servicios:<\/p>\n<ul>\n<li>Vigilancia Tecnol\u00f3gica<\/li>\n<li>Contratos de Licencias<\/li>\n<li>Creaci\u00f3n de Spin Off<\/li>\n<li>Gesti\u00f3n de la Propiedad Intelectual e Industrial<\/li>\n<li>Acuerdos de Confidencialidad.<\/li>\n<li>Acuerdos de Transferencia de Material<\/li>\n<li>Cesi\u00f3n de Derecho<\/li>\n<li>Contratos Tecnol\u00f3gicos<\/li>\n<li>Convenio de Colaboraci\u00f3n Universidad - Empresa<\/li>\n<\/ul>\n<\/div>\n<\/div><\/div><\/div><div id=\"panel-27-0-2-4\" class=\"so-panel widget widget_sow-headline\" data-index=\"13\" ><div\n\t\t\t\n\t\t\tclass=\"so-widget-sow-headline so-widget-sow-headline-default-7dbc9197b6e0-27\"\n\t\t\t\n\t\t><div class=\"sow-headline-container \">\n\t\t\t\t\t\t\t<h2 class=\"sow-headline\">\n\t\t\t\t\t\tServicios de Gesti\u00f3n Tecnol\u00f3gicas\t\t\t\t\t\t<\/h2>\n\t\t\t\t\t\t<\/div>\n<\/div><\/div><div id=\"panel-27-0-2-5\" class=\"so-panel widget widget_sow-editor\" data-index=\"14\" ><div class=\"panel-widget-style panel-widget-style-for-27-0-2-5\" ><div\n\t\t\t\n\t\t\tclass=\"so-widget-sow-editor so-widget-sow-editor-base\"\n\t\t\t\n\t\t>\n<div class=\"siteorigin-widget-tinymce textwidget\">\n\t<p>La Oficina de Transferencia y Licenciamiento de la Universidad del B\u00edo-B\u00edo (OTL-UBB) pone a disposici\u00f3n del mercado y la sociedad, su oferta tecnol\u00f3gica creada a partir de la generaci\u00f3n de nuevo conocimiento, tecnolog\u00edas y servicios desarrolladas por sus acad\u00e9micos, Centros de I+D, Programas, Laboratorios y Grupos de Investigaci\u00f3n.<\/p>\n<p>La OTL - UBB cuenta con un staff de profesionales que lo asesorar\u00e1n en los mecanismos de explotaci\u00f3n comercial de potenciales Licencias, Acuerdos de Confidencialidad, Acuerdos de Transferencia de Material, Cesi\u00f3n de Derecho y apoyo en la Formulaci\u00f3n de Proyectos a l\u00edneas de financiamiento orientadas a la transferencia tecnol\u00f3gica y protecci\u00f3n a la propiedad intelectual e industrial.<\/p>\n<\/div>\n<\/div><\/div><\/div><div id=\"panel-27-0-2-6\" class=\"so-panel widget widget_sow-image panel-last-child\" data-index=\"15\" ><div\n\t\t\t\n\t\t\tclass=\"so-widget-sow-image so-widget-sow-image-default-c67d20f9f743-27\"\n\t\t\t\n\t\t>\n\n<div class=\"sow-image-container\">\n\t\t<img loading=\"lazy\" decoding=\"async\" src=\"http:\/\/otl.ubiobio.cl\/wp-content\/uploads\/2018\/09\/TIRA1.jpg\" width=\"700\" height=\"130\" srcset=\"http:\/\/otl.ubiobio.cl\/wp-content\/uploads\/2018\/09\/TIRA1.jpg 700w, http:\/\/otl.ubiobio.cl\/wp-content\/uploads\/2018\/09\/TIRA1-300x56.jpg 300w\" sizes=\"(max-width: 700px) 100vw, 700px\" alt=\"\" \t\tclass=\"so-widget-image\"\/>\n\t<\/div>\n\n<\/div><\/div><\/div><\/div><div id=\"pgc-27-0-3\"  class=\"panel-grid-cell panel-grid-cell-empty\" ><\/div><\/div><\/div><\/div>","protected":false},"excerpt":{"rendered":"<p>La Oficina de Transferencia y Licenciamiento (OTL-UBB), es una unidad dependiente de la Direcci\u00f3n de Innovaci\u00f3n de la Universidad del B\u00edo-B\u00edo. Esta unidad es la encargada de apoyar, gestionar e&nbsp;[ &hellip; ]<\/p>\n","protected":false},"author":1,"featured_media":0,"parent":374,"menu_order":1,"comment_status":"closed","ping_status":"closed","template":"page-templates\/template_page-builder.php","meta":{"footnotes":""},"_links":{"self":[{"href":"http:\/\/otl.ubiobio.cl\/index.php\/wp-json\/wp\/v2\/pages\/27"}],"collection":[{"href":"http:\/\/otl.ubiobio.cl\/index.php\/wp-json\/wp\/v2\/pages"}],"about":[{"href":"http:\/\/otl.ubiobio.cl\/index.php\/wp-json\/wp\/v2\/types\/page"}],"author":[{"embeddable":true,"href":"http:\/\/otl.ubiobio.cl\/index.php\/wp-json\/wp\/v2\/users\/1"}],"replies":[{"embeddable":true,"href":"http:\/\/otl.ubiobio.cl\/index.php\/wp-json\/wp\/v2\/comments?post=27"}],"version-history":[{"count":35,"href":"http:\/\/otl.ubiobio.cl\/index.php\/wp-json\/wp\/v2\/pages\/27\/revisions"}],"predecessor-version":[{"id":2076,"href":"http:\/\/otl.ubiobio.cl\/index.php\/wp-json\/wp\/v2\/pages\/27\/revisions\/2076"}],"up":[{"embeddable":true,"href":"http:\/\/otl.ubiobio.cl\/index.php\/wp-json\/wp\/v2\/pages\/374"}],"wp:attachment":[{"href":"http:\/\/otl.ubiobio.cl\/index.php\/wp-json\/wp\/v2\/media?parent=27"}],"curies":[{"name":"wp","href":"https:\/\/api.w.org\/{rel}","templated":true}]}}