{"id":29,"date":"2018-08-30T15:43:52","date_gmt":"2018-08-30T15:43:52","guid":{"rendered":"http:\/\/otl.ubiobio.cl\/?page_id=29"},"modified":"2022-05-18T01:58:31","modified_gmt":"2022-05-18T01:58:31","slug":"mision-y-vision","status":"publish","type":"page","link":"http:\/\/otl.ubiobio.cl\/index.php\/nosotros\/mision-y-vision\/","title":{"rendered":"MISI\u00d3N Y VISI\u00d3N"},"content":{"rendered":"<div id=\"pl-29\"  class=\"panel-layout\" ><div id=\"pg-29-0\"  class=\"panel-grid panel-has-style\" ><div class=\"siteorigin-panels-stretch panel-row-style panel-row-style-for-29-0\" style=\"padding-top: 30px; padding-bottom: 30px; \" data-stretch-type=\"full-stretched\" ><div id=\"pgc-29-0-0\"  class=\"panel-grid-cell panel-grid-cell-empty\" ><\/div><div id=\"pgc-29-0-1\"  class=\"panel-grid-cell\" ><div class=\"panel-cell-style panel-cell-style-for-29-0-1\" ><div id=\"panel-29-0-1-0\" class=\"so-panel widget widget_sow-button panel-first-child\" data-index=\"0\" ><div\n\t\t\t\n\t\t\tclass=\"so-widget-sow-button so-widget-sow-button-flat-e1991da6edfe-29\"\n\t\t\t\n\t\t><div class=\"ow-button-base ow-button-align-left\">\n\t<a\n\thref=\"http:\/\/otl.ubiobio.cl\/index.php\/nosotros\/quienes-somos\/\"\n\t\tclass=\"ow-icon-placement-left\" \t>\n\t\t<span>\n\t\t\t\n\t\t\t\u00bfQUI\u00c9NES SOMOS?\t\t<\/span>\n\t<\/a>\n<\/div>\n<\/div><\/div><div id=\"panel-29-0-1-1\" class=\"widget_text so-panel widget widget_custom_html\" data-index=\"1\" ><div class=\"textwidget custom-html-widget\"><hr style=\"margin: 0px;\">\n<\/div><\/div><div id=\"panel-29-0-1-2\" class=\"so-panel widget widget_sow-button\" data-index=\"2\" ><div\n\t\t\t\n\t\t\tclass=\"so-widget-sow-button so-widget-sow-button-flat-5dbf1504ce0f-29\"\n\t\t\t\n\t\t><div class=\"ow-button-base ow-button-align-left\">\n\t<a\n\thref=\"#\"\n\t\tclass=\"ow-icon-placement-left ow-button-hover\" \t>\n\t\t<span>\n\t\t\t\n\t\t\tMISI\u00d3N Y VISI\u00d3N\t\t<\/span>\n\t<\/a>\n<\/div>\n<\/div><\/div><div id=\"panel-29-0-1-3\" class=\"widget_text so-panel widget widget_custom_html\" data-index=\"3\" ><div class=\"textwidget custom-html-widget\"><hr style=\"margin: 0px;\">\n<\/div><\/div><div id=\"panel-29-0-1-4\" class=\"so-panel widget widget_sow-button\" data-index=\"4\" ><div\n\t\t\t\n\t\t\tclass=\"so-widget-sow-button so-widget-sow-button-flat-e1991da6edfe-29\"\n\t\t\t\n\t\t><div class=\"ow-button-base ow-button-align-left\">\n\t<a\n\thref=\"http:\/\/otl.ubiobio.cl\/index.php\/nosotros\/equipo-de-trabajo\/\"\n\t\tclass=\"ow-icon-placement-left ow-button-hover\" \t>\n\t\t<span>\n\t\t\t\n\t\t\tEQUIPO DE TRABAJO\t\t<\/span>\n\t<\/a>\n<\/div>\n<\/div><\/div><div id=\"panel-29-0-1-5\" class=\"widget_text so-panel widget widget_custom_html\" data-index=\"5\" ><div class=\"textwidget custom-html-widget\"><hr style=\"margin: 0px;\">\n<\/div><\/div><div id=\"panel-29-0-1-6\" class=\"so-panel widget widget_sow-button\" data-index=\"6\" ><div\n\t\t\t\n\t\t\tclass=\"so-widget-sow-button so-widget-sow-button-flat-e1991da6edfe-29\"\n\t\t\t\n\t\t><div class=\"ow-button-base ow-button-align-left\">\n\t<a\n\thref=\"http:\/\/otl.ubiobio.cl\/index.php\/nosotros\/organigrama\/\"\n\t\tclass=\"ow-icon-placement-left ow-button-hover\" \t>\n\t\t<span>\n\t\t\t\n\t\t\tORGANIGRAMA\t\t<\/span>\n\t<\/a>\n<\/div>\n<\/div><\/div><div id=\"panel-29-0-1-7\" class=\"widget_text so-panel widget widget_custom_html\" data-index=\"7\" ><div class=\"textwidget custom-html-widget\"><hr style=\"margin: 0px;\">\n<\/div><\/div><div id=\"panel-29-0-1-8\" class=\"so-panel widget widget_sow-button panel-last-child\" data-index=\"8\" ><div\n\t\t\t\n\t\t\tclass=\"so-widget-sow-button so-widget-sow-button-flat-e1991da6edfe-29\"\n\t\t\t\n\t\t><div class=\"ow-button-base ow-button-align-left\">\n\t<a\n\thref=\"http:\/\/otl.ubiobio.cl\/index.php\/nosotros\/conceptos-frecuentes\/\"\n\t\tclass=\"ow-icon-placement-left ow-button-hover\" \t>\n\t\t<span>\n\t\t\t\n\t\t\tGLOSARIO\t\t<\/span>\n\t<\/a>\n<\/div>\n<\/div><\/div><\/div><\/div><div id=\"pgc-29-0-2\"  class=\"panel-grid-cell\" ><div class=\"panel-cell-style panel-cell-style-for-29-0-2\" ><div id=\"panel-29-0-2-0\" class=\"so-panel widget widget_sow-image panel-first-child\" data-index=\"9\" ><div\n\t\t\t\n\t\t\tclass=\"so-widget-sow-image so-widget-sow-image-default-dbf295114b96-29\"\n\t\t\t\n\t\t>\n\n<div class=\"sow-image-container\">\n\t\t<img loading=\"lazy\" decoding=\"async\" src=\"http:\/\/otl.ubiobio.cl\/wp-content\/uploads\/2018\/08\/elementos-web-08.png\" width=\"321\" height=\"181\" srcset=\"http:\/\/otl.ubiobio.cl\/wp-content\/uploads\/2018\/08\/elementos-web-08.png 321w, http:\/\/otl.ubiobio.cl\/wp-content\/uploads\/2018\/08\/elementos-web-08-300x169.png 300w\" sizes=\"(max-width: 321px) 100vw, 321px\" alt=\"\" \t\tclass=\"so-widget-image\"\/>\n\t<\/div>\n\n<\/div><\/div><div id=\"panel-29-0-2-1\" class=\"so-panel widget widget_sow-headline\" data-index=\"10\" ><div class=\"panel-widget-style panel-widget-style-for-29-0-2-1\" ><div\n\t\t\t\n\t\t\tclass=\"so-widget-sow-headline so-widget-sow-headline-default-7247d67ed87c-29\"\n\t\t\t\n\t\t><div class=\"sow-headline-container \">\n\t\t\t\t\t\t\t<h2 class=\"sow-headline\">\n\t\t\t\t\t\tMISI\u00d3N\t\t\t\t\t\t<\/h2>\n\t\t\t\t\t\t<\/div>\n<\/div><\/div><\/div><div id=\"panel-29-0-2-2\" class=\"so-panel widget widget_sow-editor panel-last-child\" data-index=\"11\" ><div class=\"panel-widget-style panel-widget-style-for-29-0-2-2\" ><div\n\t\t\t\n\t\t\tclass=\"so-widget-sow-editor so-widget-sow-editor-base\"\n\t\t\t\n\t\t>\n<div class=\"siteorigin-widget-tinymce textwidget\">\n\t<p>Ser reconocida por transferir tecnolog\u00edas innovadoras al medio, ayudando a resolver los enormes desaf\u00edos y oportunidades de la sociedad.<\/p>\n<\/div>\n<\/div><\/div><\/div><\/div><\/div><div id=\"pgc-29-0-3\"  class=\"panel-grid-cell panel-grid-cell-mobile-last\" ><div class=\"panel-cell-style panel-cell-style-for-29-0-3\" ><div id=\"panel-29-0-3-0\" class=\"so-panel widget widget_sow-image panel-first-child\" data-index=\"12\" ><div\n\t\t\t\n\t\t\tclass=\"so-widget-sow-image so-widget-sow-image-default-dbf295114b96-29\"\n\t\t\t\n\t\t>\n\n<div class=\"sow-image-container\">\n\t\t<img loading=\"lazy\" decoding=\"async\" src=\"http:\/\/otl.ubiobio.cl\/wp-content\/uploads\/2018\/08\/elementos-web-09.png\" width=\"321\" height=\"181\" srcset=\"http:\/\/otl.ubiobio.cl\/wp-content\/uploads\/2018\/08\/elementos-web-09.png 321w, http:\/\/otl.ubiobio.cl\/wp-content\/uploads\/2018\/08\/elementos-web-09-300x169.png 300w\" sizes=\"(max-width: 321px) 100vw, 321px\" alt=\"\" \t\tclass=\"so-widget-image\"\/>\n\t<\/div>\n\n<\/div><\/div><div id=\"panel-29-0-3-1\" class=\"so-panel widget widget_sow-headline\" data-index=\"13\" ><div class=\"panel-widget-style panel-widget-style-for-29-0-3-1\" ><div\n\t\t\t\n\t\t\tclass=\"so-widget-sow-headline so-widget-sow-headline-default-7247d67ed87c-29\"\n\t\t\t\n\t\t><div class=\"sow-headline-container \">\n\t\t\t\t\t\t\t<h2 class=\"sow-headline\">\n\t\t\t\t\t\tVISI\u00d3N\t\t\t\t\t\t<\/h2>\n\t\t\t\t\t\t<\/div>\n<\/div><\/div><\/div><div id=\"panel-29-0-3-2\" class=\"so-panel widget widget_sow-editor panel-last-child\" data-index=\"14\" ><div class=\"panel-widget-style panel-widget-style-for-29-0-3-2\" ><div\n\t\t\t\n\t\t\tclass=\"so-widget-sow-editor so-widget-sow-editor-base\"\n\t\t\t\n\t\t>\n<div class=\"siteorigin-widget-tinymce textwidget\">\n\t<p>Transferir los resultados de investigaci\u00f3n y desarrollo de nuestra Instituci\u00f3n hacia el mercado local, nacional e internacional; crear una cultura de innovaci\u00f3n en la instituci\u00f3n; y proteger, promover y licenciar la propiedad intelectual de la Universidad del B\u00edo-B\u00edo.<\/p>\n<\/div>\n<\/div><\/div><\/div><\/div><\/div><div id=\"pgc-29-0-4\"  class=\"panel-grid-cell panel-grid-cell-empty\" ><\/div><\/div><\/div><\/div>","protected":false},"excerpt":{"rendered":"<p>Ser reconocida por transferir tecnolog\u00edas innovadoras al medio, ayudando a resolver los enormes desaf\u00edos y oportunidades de la sociedad. Transferir los resultados de investigaci\u00f3n y desarrollo de nuestra Instituci\u00f3n hacia&nbsp;[ &hellip; ]<\/p>\n","protected":false},"author":1,"featured_media":0,"parent":374,"menu_order":2,"comment_status":"closed","ping_status":"closed","template":"page-templates\/template_page-builder.php","meta":{"footnotes":""},"_links":{"self":[{"href":"http:\/\/otl.ubiobio.cl\/index.php\/wp-json\/wp\/v2\/pages\/29"}],"collection":[{"href":"http:\/\/otl.ubiobio.cl\/index.php\/wp-json\/wp\/v2\/pages"}],"about":[{"href":"http:\/\/otl.ubiobio.cl\/index.php\/wp-json\/wp\/v2\/types\/page"}],"author":[{"embeddable":true,"href":"http:\/\/otl.ubiobio.cl\/index.php\/wp-json\/wp\/v2\/users\/1"}],"replies":[{"embeddable":true,"href":"http:\/\/otl.ubiobio.cl\/index.php\/wp-json\/wp\/v2\/comments?post=29"}],"version-history":[{"count":63,"href":"http:\/\/otl.ubiobio.cl\/index.php\/wp-json\/wp\/v2\/pages\/29\/revisions"}],"predecessor-version":[{"id":2074,"href":"http:\/\/otl.ubiobio.cl\/index.php\/wp-json\/wp\/v2\/pages\/29\/revisions\/2074"}],"up":[{"embeddable":true,"href":"http:\/\/otl.ubiobio.cl\/index.php\/wp-json\/wp\/v2\/pages\/374"}],"wp:attachment":[{"href":"http:\/\/otl.ubiobio.cl\/index.php\/wp-json\/wp\/v2\/media?parent=29"}],"curies":[{"name":"wp","href":"https:\/\/api.w.org\/{rel}","templated":true}]}}