{"id":313,"date":"2018-09-10T16:18:15","date_gmt":"2018-09-10T16:18:15","guid":{"rendered":"http:\/\/otl.ubiobio.cl\/?page_id=313"},"modified":"2023-10-20T18:37:45","modified_gmt":"2023-10-20T18:37:45","slug":"areas-tecnologicas","status":"publish","type":"page","link":"http:\/\/otl.ubiobio.cl\/index.php\/tecnologias\/areas-tecnologicas\/","title":{"rendered":"\u00c1REAS TECNOL\u00d3GICAS"},"content":{"rendered":"<div id=\"pl-313\"  class=\"panel-layout\" ><div id=\"pg-313-0\"  class=\"panel-grid panel-has-style\" ><div class=\"siteorigin-panels-stretch panel-row-style panel-row-style-for-313-0\" style=\"padding-top: 30px; padding-bottom: 30px; \" data-stretch-type=\"full-stretched\" ><div id=\"pgc-313-0-0\"  class=\"panel-grid-cell panel-grid-cell-empty\" ><\/div><div id=\"pgc-313-0-1\"  class=\"panel-grid-cell\" ><div class=\"panel-cell-style panel-cell-style-for-313-0-1\" ><div id=\"panel-313-0-1-0\" class=\"so-panel widget widget_sow-button panel-first-child\" data-index=\"0\" ><div\n\t\t\t\n\t\t\tclass=\"so-widget-sow-button so-widget-sow-button-flat-5dbf1504ce0f-313\"\n\t\t\t\n\t\t><div class=\"ow-button-base ow-button-align-left\">\n\t<a\n\thref=\"#\"\n\t\tclass=\"ow-icon-placement-left ow-button-hover\" \t>\n\t\t<span>\n\t\t\t\n\t\t\tAREAS DE TECNOLOG\u00cdAS\t\t<\/span>\n\t<\/a>\n<\/div>\n<\/div><\/div><div id=\"panel-313-0-1-1\" class=\"widget_text so-panel widget widget_custom_html\" data-index=\"1\" ><div class=\"textwidget custom-html-widget\"><hr style=\"margin: 0px;\">\n<\/div><\/div><div id=\"panel-313-0-1-2\" class=\"so-panel widget widget_sow-button\" data-index=\"2\" ><div\n\t\t\t\n\t\t\tclass=\"so-widget-sow-button so-widget-sow-button-flat-e1991da6edfe-313\"\n\t\t\t\n\t\t><div class=\"ow-button-base ow-button-align-left\">\n\t<a\n\thref=\"http:\/\/otl.ubiobio.cl\/index.php\/tecnologias\/tecnologias-disponibles\/\"\n\t\tclass=\"ow-icon-placement-left ow-button-hover\" \t>\n\t\t<span>\n\t\t\t\n\t\t\tPORTAFOLIO DE TECNOLOG\u00cdAS\t\t<\/span>\n\t<\/a>\n<\/div>\n<\/div><\/div><div id=\"panel-313-0-1-3\" class=\"widget_text so-panel widget widget_custom_html\" data-index=\"3\" ><div class=\"textwidget custom-html-widget\"><hr style=\"margin: 0px;\">\n<\/div><\/div><div id=\"panel-313-0-1-4\" class=\"so-panel widget widget_sow-button\" data-index=\"4\" ><div\n\t\t\t\n\t\t\tclass=\"so-widget-sow-button so-widget-sow-button-flat-e1991da6edfe-313\"\n\t\t\t\n\t\t><div class=\"ow-button-base ow-button-align-left\">\n\t<a\n\thref=\"http:\/\/otl.ubiobio.cl\/index.php\/tecnologias\/portafolio-ebct\/\"\n\t\tclass=\"ow-icon-placement-left ow-button-hover\" \t>\n\t\t<span>\n\t\t\t\n\t\t\tPORTAFOLIO EBCT\t\t<\/span>\n\t<\/a>\n<\/div>\n<\/div><\/div><div id=\"panel-313-0-1-5\" class=\"so-panel widget widget_sow-button panel-last-child\" data-index=\"5\" ><div\n\t\t\t\n\t\t\tclass=\"so-widget-sow-button so-widget-sow-button-flat-e1991da6edfe-313\"\n\t\t\t\n\t\t><div class=\"ow-button-base ow-button-align-left\">\n\t<a\n\thref=\"http:\/\/otl.ubiobio.cl\/index.php\/tecnologias\/potencial-cientifico-tecnologico\/\"\n\t\tclass=\"ow-icon-placement-left ow-button-hover\" \t>\n\t\t<span>\n\t\t\t\n\t\t\tPOTENCIAL CIENT\u00cdFICO TECNOL\u00d3GICO\t\t<\/span>\n\t<\/a>\n<\/div>\n<\/div><\/div><\/div><\/div><div id=\"pgc-313-0-2\"  class=\"panel-grid-cell panel-grid-cell-mobile-last\" ><div class=\"panel-cell-style panel-cell-style-for-313-0-2\" ><div id=\"panel-313-0-2-0\" class=\"so-panel widget widget_sow-headline panel-first-child\" data-index=\"6\" ><div\n\t\t\t\n\t\t\tclass=\"so-widget-sow-headline so-widget-sow-headline-default-cbf554f417a0-313\"\n\t\t\t\n\t\t><div class=\"sow-headline-container \">\n\t\t\t\t\t\t\t<h2 class=\"sow-headline\">\n\t\t\t\t\t\t\u00c1reas de Transferencia Tecnol\u00f3gica\t\t\t\t\t\t<\/h2>\n\t\t\t\t\t\t<\/div>\n<\/div><\/div><div id=\"panel-313-0-2-1\" class=\"so-panel widget widget_sow-image panel-last-child\" data-index=\"7\" ><div class=\"panel-widget-style panel-widget-style-for-313-0-2-1\" ><div\n\t\t\t\n\t\t\tclass=\"so-widget-sow-image so-widget-sow-image-default-c67d20f9f743-313\"\n\t\t\t\n\t\t>\n\n<div class=\"sow-image-container\">\n\t\t<img loading=\"lazy\" decoding=\"async\" src=\"http:\/\/otl.ubiobio.cl\/wp-content\/uploads\/2018\/10\/circulo-otl-01.jpg\" width=\"2234\" height=\"2004\" srcset=\"http:\/\/otl.ubiobio.cl\/wp-content\/uploads\/2018\/10\/circulo-otl-01.jpg 2234w, http:\/\/otl.ubiobio.cl\/wp-content\/uploads\/2018\/10\/circulo-otl-01-300x269.jpg 300w, http:\/\/otl.ubiobio.cl\/wp-content\/uploads\/2018\/10\/circulo-otl-01-768x689.jpg 768w, http:\/\/otl.ubiobio.cl\/wp-content\/uploads\/2018\/10\/circulo-otl-01-1024x919.jpg 1024w, http:\/\/otl.ubiobio.cl\/wp-content\/uploads\/2018\/10\/circulo-otl-01-710x637.jpg 710w\" sizes=\"(max-width: 2234px) 100vw, 2234px\" alt=\"\" \t\tclass=\"so-widget-image\"\/>\n\t<\/div>\n\n<\/div><\/div><\/div><\/div><\/div><div id=\"pgc-313-0-3\"  class=\"panel-grid-cell panel-grid-cell-empty\" ><\/div><\/div><\/div><\/div>","protected":false},"excerpt":{"rendered":"<p>AREAS DE TECNOLOG\u00cdAS PORTAFOLIO DE TECNOLOG\u00cdAS PORTAFOLIO EBCT POTENCIAL CIENT\u00cdFICO TECNOL\u00d3GICO \u00c1reas de Transferencia Tecnol\u00f3gica<\/p>\n","protected":false},"author":1,"featured_media":0,"parent":13,"menu_order":1,"comment_status":"closed","ping_status":"closed","template":"page-templates\/template_page-builder.php","meta":{"footnotes":""},"_links":{"self":[{"href":"http:\/\/otl.ubiobio.cl\/index.php\/wp-json\/wp\/v2\/pages\/313"}],"collection":[{"href":"http:\/\/otl.ubiobio.cl\/index.php\/wp-json\/wp\/v2\/pages"}],"about":[{"href":"http:\/\/otl.ubiobio.cl\/index.php\/wp-json\/wp\/v2\/types\/page"}],"author":[{"embeddable":true,"href":"http:\/\/otl.ubiobio.cl\/index.php\/wp-json\/wp\/v2\/users\/1"}],"replies":[{"embeddable":true,"href":"http:\/\/otl.ubiobio.cl\/index.php\/wp-json\/wp\/v2\/comments?post=313"}],"version-history":[{"count":17,"href":"http:\/\/otl.ubiobio.cl\/index.php\/wp-json\/wp\/v2\/pages\/313\/revisions"}],"predecessor-version":[{"id":2777,"href":"http:\/\/otl.ubiobio.cl\/index.php\/wp-json\/wp\/v2\/pages\/313\/revisions\/2777"}],"up":[{"embeddable":true,"href":"http:\/\/otl.ubiobio.cl\/index.php\/wp-json\/wp\/v2\/pages\/13"}],"wp:attachment":[{"href":"http:\/\/otl.ubiobio.cl\/index.php\/wp-json\/wp\/v2\/media?parent=313"}],"curies":[{"name":"wp","href":"https:\/\/api.w.org\/{rel}","templated":true}]}}