{"id":33,"date":"2018-08-30T15:44:34","date_gmt":"2018-08-30T15:44:34","guid":{"rendered":"http:\/\/otl.ubiobio.cl\/?page_id=33"},"modified":"2022-05-18T01:57:18","modified_gmt":"2022-05-18T01:57:18","slug":"organigrama","status":"publish","type":"page","link":"http:\/\/otl.ubiobio.cl\/index.php\/nosotros\/organigrama\/","title":{"rendered":"ORGANIGRAMA"},"content":{"rendered":"<div id=\"pl-33\"  class=\"panel-layout\" ><div id=\"pg-33-0\"  class=\"panel-grid panel-has-style\" ><div class=\"siteorigin-panels-stretch panel-row-style panel-row-style-for-33-0\" style=\"padding-top: 30px; padding-bottom: 30px; \" data-stretch-type=\"full-stretched\" ><div id=\"pgc-33-0-0\"  class=\"panel-grid-cell panel-grid-cell-empty\" ><\/div><div id=\"pgc-33-0-1\"  class=\"panel-grid-cell\" ><div class=\"panel-cell-style panel-cell-style-for-33-0-1\" ><div id=\"panel-33-0-1-0\" class=\"so-panel widget widget_sow-button panel-first-child\" data-index=\"0\" ><div\n\t\t\t\n\t\t\tclass=\"so-widget-sow-button so-widget-sow-button-flat-e1991da6edfe-33\"\n\t\t\t\n\t\t><div class=\"ow-button-base ow-button-align-left\">\n\t<a\n\thref=\"http:\/\/otl.ubiobio.cl\/index.php\/nosotros\/quienes-somos\/\"\n\t\tclass=\"ow-icon-placement-left ow-button-hover\" \t>\n\t\t<span>\n\t\t\t\n\t\t\t\u00bfQUI\u00c9NES SOMOS? \t\t<\/span>\n\t<\/a>\n<\/div>\n<\/div><\/div><div id=\"panel-33-0-1-1\" class=\"widget_text so-panel widget widget_custom_html\" data-index=\"1\" ><div class=\"textwidget custom-html-widget\"><hr style=\"margin: 0px;\">\n<\/div><\/div><div id=\"panel-33-0-1-2\" class=\"so-panel widget widget_sow-button\" data-index=\"2\" ><div\n\t\t\t\n\t\t\tclass=\"so-widget-sow-button so-widget-sow-button-flat-e1991da6edfe-33\"\n\t\t\t\n\t\t><div class=\"ow-button-base ow-button-align-left\">\n\t<a\n\thref=\"http:\/\/otl.ubiobio.cl\/index.php\/nosotros\/mision-y-vision\/\"\n\t\tclass=\"ow-icon-placement-left\" \t>\n\t\t<span>\n\t\t\t\n\t\t\tMISI\u00d3N Y VISI\u00d3N\t\t<\/span>\n\t<\/a>\n<\/div>\n<\/div><\/div><div id=\"panel-33-0-1-3\" class=\"widget_text so-panel widget widget_custom_html\" data-index=\"3\" ><div class=\"textwidget custom-html-widget\"><hr style=\"margin: 0px;\">\n<\/div><\/div><div id=\"panel-33-0-1-4\" class=\"so-panel widget widget_sow-button\" data-index=\"4\" ><div\n\t\t\t\n\t\t\tclass=\"so-widget-sow-button so-widget-sow-button-flat-e1991da6edfe-33\"\n\t\t\t\n\t\t><div class=\"ow-button-base ow-button-align-left\">\n\t<a\n\thref=\"http:\/\/otl.ubiobio.cl\/index.php\/nosotros\/equipo-de-trabajo\/\"\n\t\tclass=\"ow-icon-placement-left ow-button-hover\" \t>\n\t\t<span>\n\t\t\t\n\t\t\tEQUIPO DE TRABAJO\t\t<\/span>\n\t<\/a>\n<\/div>\n<\/div><\/div><div id=\"panel-33-0-1-5\" class=\"widget_text so-panel widget widget_custom_html\" data-index=\"5\" ><div class=\"textwidget custom-html-widget\"><hr style=\"margin: 0px;\">\n<\/div><\/div><div id=\"panel-33-0-1-6\" class=\"so-panel widget widget_sow-button\" data-index=\"6\" ><div\n\t\t\t\n\t\t\tclass=\"so-widget-sow-button so-widget-sow-button-flat-5dbf1504ce0f-33\"\n\t\t\t\n\t\t><div class=\"ow-button-base ow-button-align-left\">\n\t<a\n\thref=\"#\"\n\t\tclass=\"ow-icon-placement-left ow-button-hover\" \t>\n\t\t<span>\n\t\t\t\n\t\t\tORGANIGRAMA\t\t<\/span>\n\t<\/a>\n<\/div>\n<\/div><\/div><div id=\"panel-33-0-1-7\" class=\"widget_text so-panel widget widget_custom_html\" data-index=\"7\" ><div class=\"textwidget custom-html-widget\"><hr style=\"margin: 0px;\">\n<\/div><\/div><div id=\"panel-33-0-1-8\" class=\"so-panel widget widget_sow-button panel-last-child\" data-index=\"8\" ><div\n\t\t\t\n\t\t\tclass=\"so-widget-sow-button so-widget-sow-button-flat-e1991da6edfe-33\"\n\t\t\t\n\t\t><div class=\"ow-button-base ow-button-align-left\">\n\t<a\n\thref=\"http:\/\/otl.ubiobio.cl\/index.php\/nosotros\/equipo-de-trabajo\/\"\n\t\tclass=\"ow-icon-placement-left ow-button-hover\" \t>\n\t\t<span>\n\t\t\t\n\t\t\tGLOSARIO\t\t<\/span>\n\t<\/a>\n<\/div>\n<\/div><\/div><\/div><\/div><div id=\"pgc-33-0-2\"  class=\"panel-grid-cell panel-grid-cell-mobile-last\" ><div class=\"panel-cell-style panel-cell-style-for-33-0-2\" ><div id=\"panel-33-0-2-0\" class=\"so-panel widget widget_sow-headline panel-first-child\" data-index=\"9\" ><div\n\t\t\t\n\t\t\tclass=\"so-widget-sow-headline so-widget-sow-headline-default-cbf554f417a0-33\"\n\t\t\t\n\t\t><div class=\"sow-headline-container \">\n\t\t\t\t\t\t\t<h2 class=\"sow-headline\">\n\t\t\t\t\t\tOrganigrama OTL-UBB\t\t\t\t\t\t<\/h2>\n\t\t\t\t\t\t<\/div>\n<\/div><\/div><div id=\"panel-33-0-2-1\" class=\"so-panel widget widget_sow-image panel-last-child\" data-index=\"10\" ><div\n\t\t\t\n\t\t\tclass=\"so-widget-sow-image so-widget-sow-image-default-8b5b6f678277-33\"\n\t\t\t\n\t\t>\n\n<div class=\"sow-image-container\">\n\t\t<img loading=\"lazy\" decoding=\"async\" src=\"http:\/\/otl.ubiobio.cl\/wp-content\/uploads\/2018\/08\/elementos-web-19.png\" width=\"1155\" height=\"910\" srcset=\"http:\/\/otl.ubiobio.cl\/wp-content\/uploads\/2018\/08\/elementos-web-19.png 1155w, http:\/\/otl.ubiobio.cl\/wp-content\/uploads\/2018\/08\/elementos-web-19-300x236.png 300w, http:\/\/otl.ubiobio.cl\/wp-content\/uploads\/2018\/08\/elementos-web-19-768x605.png 768w, http:\/\/otl.ubiobio.cl\/wp-content\/uploads\/2018\/08\/elementos-web-19-1024x807.png 1024w, http:\/\/otl.ubiobio.cl\/wp-content\/uploads\/2018\/08\/elementos-web-19-710x559.png 710w\" sizes=\"(max-width: 1155px) 100vw, 1155px\" alt=\"\" \t\tclass=\"so-widget-image\"\/>\n\t<\/div>\n\n<\/div><\/div><\/div><\/div><div id=\"pgc-33-0-3\"  class=\"panel-grid-cell panel-grid-cell-empty\" ><\/div><\/div><\/div><\/div>","protected":false},"excerpt":{"rendered":"<p>\u00bfQUI\u00c9NES SOMOS? MISI\u00d3N Y VISI\u00d3N EQUIPO DE TRABAJO ORGANIGRAMA GLOSARIO Organigrama OTL-UBB<\/p>\n","protected":false},"author":1,"featured_media":0,"parent":374,"menu_order":4,"comment_status":"closed","ping_status":"closed","template":"page-templates\/template_page-builder.php","meta":{"footnotes":""},"_links":{"self":[{"href":"http:\/\/otl.ubiobio.cl\/index.php\/wp-json\/wp\/v2\/pages\/33"}],"collection":[{"href":"http:\/\/otl.ubiobio.cl\/index.php\/wp-json\/wp\/v2\/pages"}],"about":[{"href":"http:\/\/otl.ubiobio.cl\/index.php\/wp-json\/wp\/v2\/types\/page"}],"author":[{"embeddable":true,"href":"http:\/\/otl.ubiobio.cl\/index.php\/wp-json\/wp\/v2\/users\/1"}],"replies":[{"embeddable":true,"href":"http:\/\/otl.ubiobio.cl\/index.php\/wp-json\/wp\/v2\/comments?post=33"}],"version-history":[{"count":17,"href":"http:\/\/otl.ubiobio.cl\/index.php\/wp-json\/wp\/v2\/pages\/33\/revisions"}],"predecessor-version":[{"id":2070,"href":"http:\/\/otl.ubiobio.cl\/index.php\/wp-json\/wp\/v2\/pages\/33\/revisions\/2070"}],"up":[{"embeddable":true,"href":"http:\/\/otl.ubiobio.cl\/index.php\/wp-json\/wp\/v2\/pages\/374"}],"wp:attachment":[{"href":"http:\/\/otl.ubiobio.cl\/index.php\/wp-json\/wp\/v2\/media?parent=33"}],"curies":[{"name":"wp","href":"https:\/\/api.w.org\/{rel}","templated":true}]}}